{"id":10321,"date":"2024-07-02T09:21:53","date_gmt":"2024-07-02T13:21:53","guid":{"rendered":"https:\/\/marianne2024.com\/?page_id=10321"},"modified":"2024-07-02T09:54:09","modified_gmt":"2024-07-02T13:54:09","slug":"press-statement","status":"publish","type":"page","link":"http:\/\/marianne2024.com\/es\/press-statement\/","title":{"rendered":"Comunicado De Prensa"},"content":{"rendered":"<div data-elementor-type=\"wp-page\" data-elementor-id=\"10321\" class=\"elementor elementor-10321\" data-elementor-post-type=\"page\">\n\t\t\t\t<div data-particle_enable=\"false\" data-particle-mobile-disabled=\"false\" class=\"elementor-element elementor-element-8dc8633 e-flex e-con-boxed e-con e-parent\" data-id=\"8dc8633\" data-element_type=\"container\">\n\t\t\t\t\t<div class=\"e-con-inner\">\n\t\t<div data-particle_enable=\"false\" data-particle-mobile-disabled=\"false\" class=\"elementor-element elementor-element-353d976 e-con-full e-flex e-con e-child\" data-id=\"353d976\" data-element_type=\"container\">\n\t\t\t\t<div class=\"elementor-element elementor-element-42c97c5 elementor-hidden-desktop elementor-hidden-tablet elementor-hidden-mobile_extra elementor-hidden-mobile elementor-widget elementor-widget-heading\" data-id=\"42c97c5\" data-element_type=\"widget\" data-widget_type=\"heading.default\">\n\t\t\t\t<div class=\"elementor-widget-container\">\n\t\t\t\t\t<h2 class=\"elementor-heading-title elementor-size-default\">Press<\/h2>\t\t\t\t<\/div>\n\t\t\t\t<\/div>\n\t\t\t\t<div class=\"elementor-element elementor-element-de15629 elementor-widget elementor-widget-heading\" data-id=\"de15629\" data-element_type=\"widget\" data-widget_type=\"heading.default\">\n\t\t\t\t<div class=\"elementor-widget-container\">\n\t\t\t\t\t<h2 class=\"elementor-heading-title elementor-size-default\">Comunicado De Prensa<\/h2>\t\t\t\t<\/div>\n\t\t\t\t<\/div>\n\t\t\t\t<\/div>\n\t\t\t\t\t<\/div>\n\t\t\t\t<\/div>\n\t\t<div data-particle_enable=\"false\" data-particle-mobile-disabled=\"false\" class=\"elementor-element elementor-element-1c80f8c e-flex e-con-boxed e-con e-parent\" data-id=\"1c80f8c\" data-element_type=\"container\">\n\t\t\t\t\t<div class=\"e-con-inner\">\n\t\t<div data-particle_enable=\"false\" data-particle-mobile-disabled=\"false\" class=\"elementor-element elementor-element-91f241a e-con-full e-flex e-con e-child\" data-id=\"91f241a\" data-element_type=\"container\">\n\t\t\t\t<div class=\"elementor-element elementor-element-38cec61 elementor-grid-1 elementor-posts--thumbnail-none elementor-grid-tablet-1 elementor-grid-mobile-1 elementor-widget elementor-widget-posts\" data-id=\"38cec61\" data-element_type=\"widget\" data-settings=\"{&quot;classic_columns&quot;:&quot;1&quot;,&quot;classic_columns_tablet&quot;:&quot;1&quot;,&quot;classic_columns_mobile&quot;:&quot;1&quot;,&quot;classic_row_gap&quot;:{&quot;unit&quot;:&quot;px&quot;,&quot;size&quot;:35,&quot;sizes&quot;:[]},&quot;classic_row_gap_tablet&quot;:{&quot;unit&quot;:&quot;px&quot;,&quot;size&quot;:&quot;&quot;,&quot;sizes&quot;:[]},&quot;classic_row_gap_mobile_extra&quot;:{&quot;unit&quot;:&quot;px&quot;,&quot;size&quot;:&quot;&quot;,&quot;sizes&quot;:[]},&quot;classic_row_gap_mobile&quot;:{&quot;unit&quot;:&quot;px&quot;,&quot;size&quot;:&quot;&quot;,&quot;sizes&quot;:[]}}\" data-widget_type=\"posts.classic\">\n\t\t\t\t<div class=\"elementor-widget-container\">\n\t\t\t\t\t\t\t<div class=\"elementor-posts-container elementor-posts elementor-posts--skin-classic elementor-grid\">\n\t\t\t\t<article class=\"elementor-post elementor-grid-item post-10479 post type-post status-publish format-standard has-post-thumbnail hentry category-press-statements\">\n\t\t\t\t<div class=\"elementor-post__text\">\n\t\t\t\t<h4 class=\"elementor-post__title\">\n\t\t\t<a href=\"http:\/\/marianne2024.com\/es\/july-20-statement\/\" >\n\t\t\t\tBiden has stepped aside and we are stepping up.\t\t\t<\/a>\n\t\t<\/h4>\n\t\t\t\t<div class=\"elementor-post__meta-data\">\n\t\t\t\t\t<span class=\"elementor-post-date\">\n\t\t\tJuly 21, 2024\t\t<\/span>\n\t\t\t\t<\/div>\n\t\t\t\t<div class=\"elementor-post__excerpt\">\n\t\t\t<p>I want to take a moment to express my gratitude and respect to President Biden. He reached what had to have been an extremely difficult decision, but he did what is best for his\t\t<\/div>\n\t\t\t\t<\/div>\n\t\t\t\t<\/article>\n\t\t\t\t<article class=\"elementor-post elementor-grid-item post-10204 post type-post status-publish format-standard has-post-thumbnail hentry category-press-statements\">\n\t\t\t\t<div class=\"elementor-post__text\">\n\t\t\t\t<h4 class=\"elementor-post__title\">\n\t\t\t<a href=\"http:\/\/marianne2024.com\/es\/july-2024-statement-from-marianne\/\" >\n\t\t\t\tStatement by Marianne Williamson\t\t\t<\/a>\n\t\t<\/h4>\n\t\t\t\t<div class=\"elementor-post__meta-data\">\n\t\t\t\t\t<span class=\"elementor-post-date\">\n\t\t\tJuly 2, 2024\t\t<\/span>\n\t\t\t\t<\/div>\n\t\t\t\t<div class=\"elementor-post__excerpt\">\n\t\t\t<p>El presidente Biden se merece nuestro respeto, nuestra compasi\u00f3n y nuestra gratitud. El debate de la semana pasada, sin embargo, dej\u00f3 en claro que ahora es el momento para el otro candidato Dem\u00f3crata a tomar su lugar en la boleta electoral de noviembre.<\/p>\t\t<\/div>\n\t\t\t\t<\/div>\n\t\t\t\t<\/article>\n\t\t\t\t<\/div>\n\t\t\n\t\t\t\t\t\t<\/div>\n\t\t\t\t<\/div>\n\t\t\t\t<\/div>\n\t\t\t\t\t<\/div>\n\t\t\t\t<\/div>\n\t\t\t\t<\/div>","protected":false},"excerpt":{"rendered":"<p>Press Press Statement<\/p>","protected":false},"author":5,"featured_media":10625,"parent":0,"menu_order":0,"comment_status":"closed","ping_status":"closed","template":"","meta":{"inline_featured_image":false,"footnotes":""},"class_list":["post-10321","page","type-page","status-publish","has-post-thumbnail","hentry"],"_links":{"self":[{"href":"http:\/\/marianne2024.com\/es\/wp-json\/wp\/v2\/pages\/10321","targetHints":{"allow":["GET"]}}],"collection":[{"href":"http:\/\/marianne2024.com\/es\/wp-json\/wp\/v2\/pages"}],"about":[{"href":"http:\/\/marianne2024.com\/es\/wp-json\/wp\/v2\/types\/page"}],"author":[{"embeddable":true,"href":"http:\/\/marianne2024.com\/es\/wp-json\/wp\/v2\/users\/5"}],"replies":[{"embeddable":true,"href":"http:\/\/marianne2024.com\/es\/wp-json\/wp\/v2\/comments?post=10321"}],"version-history":[{"count":0,"href":"http:\/\/marianne2024.com\/es\/wp-json\/wp\/v2\/pages\/10321\/revisions"}],"wp:featuredmedia":[{"embeddable":true,"href":"http:\/\/marianne2024.com\/es\/wp-json\/wp\/v2\/media\/10625"}],"wp:attachment":[{"href":"http:\/\/marianne2024.com\/es\/wp-json\/wp\/v2\/media?parent=10321"}],"curies":[{"name":"wp","href":"https:\/\/api.w.org\/{rel}","templated":true}]}}