{"id":1649,"date":"2023-04-19T12:18:56","date_gmt":"2023-04-19T16:18:56","guid":{"rendered":"https:\/\/mw2024.local\/?page_id=1649"},"modified":"2023-08-10T21:09:40","modified_gmt":"2023-08-11T01:09:40","slug":"mass-incarceration-policy","status":"publish","type":"page","link":"https:\/\/marianne2024.com\/es\/issues\/mass-incarceration-policy\/","title":{"rendered":"Mass Incarceration Policy"},"content":{"rendered":"<div data-elementor-type=\"wp-page\" data-elementor-id=\"1649\" class=\"elementor elementor-1649\" data-elementor-post-type=\"page\">\n\t\t\t\t\t\t<section data-particle_enable=\"false\" data-particle-mobile-disabled=\"false\" class=\"elementor-section elementor-top-section elementor-element elementor-element-7f0f24 elementor-section-boxed elementor-section-height-default elementor-section-height-default\" data-id=\"7f0f24\" data-element_type=\"section\">\n\t\t\t\t\t\t<div class=\"elementor-container elementor-column-gap-default\">\n\t\t\t\t\t<div class=\"elementor-column elementor-col-100 elementor-top-column elementor-element elementor-element-14da37d3\" data-id=\"14da37d3\" data-element_type=\"column\">\n\t\t\t<div class=\"elementor-widget-wrap elementor-element-populated\">\n\t\t\t\t\t\t<div class=\"elementor-element elementor-element-1c71f58b elementor-widget elementor-widget-heading\" data-id=\"1c71f58b\" data-element_type=\"widget\" data-widget_type=\"heading.default\">\n\t\t\t\t<div class=\"elementor-widget-container\">\n\t\t\t\t\t<h2 class=\"elementor-heading-title elementor-size-default\">Temas<\/h2>\t\t\t\t<\/div>\n\t\t\t\t<\/div>\n\t\t\t\t<div class=\"elementor-element elementor-element-35f5ed18 elementor-widget elementor-widget-heading\" data-id=\"35f5ed18\" data-element_type=\"widget\" data-widget_type=\"heading.default\">\n\t\t\t\t<div class=\"elementor-widget-container\">\n\t\t\t\t\t<h2 class=\"elementor-heading-title elementor-size-default\">Mass Incarceration<\/h2>\t\t\t\t<\/div>\n\t\t\t\t<\/div>\n\t\t\t\t<div class=\"elementor-element elementor-element-b4ec795 elementor-blockquote--button-skin-link elementor-blockquote--button-color-custom elementor-blockquote--skin-border elementor-blockquote--button-view-icon-text elementor-widget elementor-widget-blockquote\" data-id=\"b4ec795\" data-element_type=\"widget\" data-widget_type=\"blockquote.default\">\n\t\t\t\t<div class=\"elementor-widget-container\">\n\t\t\t\t\t\t\t<blockquote class=\"elementor-blockquote\">\n\t\t\t<p class=\"elementor-blockquote__content\">\n\t\t\t\tOur system of mass incarceration is a huge wound upon the spirit of America, and that wound can only be healed if we address what it is, how it got here, and how it can be changed.\t\t\t<\/p>\n\t\t\t\t\t\t\t<div class=\"e-q-footer\">\n\t\t\t\t\t\t\t\t\t\t\t<cite class=\"elementor-blockquote__author\">- Marianne Williamson<\/cite>\n\t\t\t\t\t\t\t\t\t\t\t\t\t\t\t\t<a href=\"https:\/\/twitter.com\/intent\/tweet?text=Our+system+of+mass+incarceration+is+a+huge+wound+upon+the+spirit+of+America%2C+and+that+wound+can+only+be+healed+if+we+address+what+it+is%2C+how+it+got+here%2C+and+how+it+can+be+changed.+%E2%80%94+-+Marianne+Williamson&amp;url=https%3A%2F%2Fmarianne2024.com%2Fes%2Fwp-json%2Fwp%2Fv2%2Fpages%2F1649\" class=\"elementor-blockquote__tweet-button\" target=\"_blank\">\n\t\t\t\t\t\t\t\t\t\t\t\t\t\t\t<i aria-hidden=\"true\" class=\"fab fa-twitter\"><\/i>\t\t\t\t\t\t\t\t\t\t\t\t\t\t\t\t\t\t\t\t\t\t\t\t\t\t\t\t\t\t<span class=\"elementor-blockquote__tweet-label\">Tweet<\/span>\n\t\t\t\t\t\t\t\t\t\t\t\t\t<\/a>\n\t\t\t\t\t\t\t\t\t<\/div>\n\t\t\t\t\t<\/blockquote>\n\t\t\t\t\t\t<\/div>\n\t\t\t\t<\/div>\n\t\t\t\t<div class=\"elementor-element elementor-element-35f8074d elementor-widget elementor-widget-text-editor\" data-id=\"35f8074d\" data-element_type=\"widget\" data-widget_type=\"text-editor.default\">\n\t\t\t\t<div class=\"elementor-widget-container\">\n\t\t\t\t\t\t\t\t\t<p>With less than 5% of the world\u2019s population, but nearly 22% of its prison population, America has the highest incarceration rate in the world. We imprison almost 2.3 million people today, as opposed to around 300,000 during the 1970s. Of those 2.3 million, estimates indicate between 300,000 and 500,000 are non-violent drug offenders.<\/p><p>Building and operating prisons is one of America\u2019s largest and most profitable urban industries. These companies have made a huge financial investment in lobbying for more severe drug and \u201ctough on crime\u201d laws and increased criminalization of immigrants. The \u201cprison-industrial complex\u201d thrives on the volume of people arrested, detained, convicted, and sent to private for-profit prisons. The two largest private prison institutions, CoreCivic and GEO, own 75% of the market and house an ever-increasing percentage of America\u2019s prison population. The primary funders, and in many cases shareholders, of CoreCivic and GEO are banks and related financial entities. Private prisons also account for an estimated 73% of detainment facilities for undocumented immigrants in the United States.<\/p><p>Such horrifying statistics \u2013 plus <a href=\"https:\/\/www.marianne2020.com\/issues\/criminal-justice-reform\" target=\"_blank\" rel=\"noopener\">clear racial discrimination in prosecution and sentencing<\/a> \u2013 makes the issue of mass incarceration a screaming moral emergency. People of color, particularly African Americans and Latinos, are unfairly targeted by the police and end up facing harsher prison sentences than their white counterparts. According to a report released by the U.S. Sentencing Commission, black men receive prison sentences 20 percent longer than do white men for similar crimes. America is now incarcerating a higher proportion of African Americans than South Africa did at the height of apartheid.<\/p><p>While no one doubts that violent and even many non-violent criminals belong behind bars, America\u2019s incarceration rate speaks to something much deeper than catching criminals; it speaks to a prison industry that lobbies for ever bigger budgets and benefits, to corporations that exploit cheap prison labor, and to Wall Street interests wanting bigger and bigger profits from locking up as many people as possible for as long as possible.<\/p><p>The more America ignores these realities and the huge conflict of interest inherent in private for-profit prisons, the richer the prison-industrial complex and all who benefit from it will become \u2014 and the poorer we will be as a nation.<\/p><h4>Prisoner Rehabilitation<\/h4><p>En palabras de John F. Kennedy, \"No podemos permitirnos ser materialmente ricos y espiritualmente pobres\". Nuestro sistema de encarcelamiento masivo es una enorme herida en el esp\u00edritu de Estados Unidos, y esa herida s\u00f3lo puede curarse si abordamos qu\u00e9 es, c\u00f3mo ha llegado hasta aqu\u00ed y c\u00f3mo puede cambiarse.<\/p><p>Un aspecto central de nuestro problema es la inclinaci\u00f3n por el castigo, m\u00e1s que por la rehabilitaci\u00f3n, que recorre gran parte de nuestro sistema de justicia penal. Aunque hay mucha gente buena trabajando en el sistema, institucionalmente seguimos atrapados en una conciencia obsoleta que hace m\u00e1s por preparar a la gente para una vida de delincuencia una vez que salen de la c\u00e1rcel, que para una vida reparada.<\/p><p>The 2018 <a href=\"http:\/\/www.ncsl.org\/research\/civil-and-criminal-justice\/federal-criminal-justice-reform-in-2018.aspx\" target=\"_blank\" rel=\"noopener\"> Criminal Justice Reform Bill<\/a> successfully deals with a few of the worst aspects of America\u2019s prison problem by giving federal judges more leeway when sentencing some drug offenders and boosting prisoner rehabilitation efforts; reducing life sentences for some drug offenders with three convictions, or &#8220;three strikes,&#8221; to 25 years; and incentivizing prisoners to participate in programs designed to reduce the risk of recidivism with the reward being an earlier release to either home confinement or a halfway house. Those measures, which apply only to non-violent offenders and only to federal prisoners, begin what will hopefully be a larger tide of criminal justice reform.<\/p><p>Together with restorative justice techniques and other peace-building measures, both in and out of prisons, hopefully America is finally beginning to turn away from the draconian prison practices that have become such a stain upon America\u2019s soul.<\/p><p>What we need to do next is to examine the prison population we have and undertake a concerted, national discourse on how to reduce our prison population. Being that the vast majority of prisoners are locked up in state and local prisons, we need a populist movement in each state to release as many non-violent prisoners as possible \u2013 and to prepare them for their freedom at the same time. There is no issue where the bully pulpit of the White House is more necessary.<\/p><p>At the same time, there is a great deal that the federal government can do. The Justice Department can be empowered to investigate for-profit prisons.\u00a0The Civil Rights Division can be empowered to bring appropriate civil rights class-action suits on behalf of the imprisoned, and to investigate the conditions under which prisoners are held. By the same token, the civil rights division can examine the parole process and apply much-needed pressure on states and localities to re-examine their sentencing processes.<\/p>\t\t\t\t\t\t\t\t<\/div>\n\t\t\t\t<\/div>\n\t\t\t\t<div class=\"elementor-element elementor-element-422062c7 elementor-widget-divider--view-line elementor-widget elementor-widget-divider\" data-id=\"422062c7\" data-element_type=\"widget\" data-widget_type=\"divider.default\">\n\t\t\t\t<div class=\"elementor-widget-container\">\n\t\t\t\t\t\t\t<div class=\"elementor-divider\">\n\t\t\t<span class=\"elementor-divider-separator\">\n\t\t\t\t\t\t<\/span>\n\t\t<\/div>\n\t\t\t\t\t\t<\/div>\n\t\t\t\t<\/div>\n\t\t\t\t<div class=\"elementor-element elementor-element-703865db elementor-widget elementor-widget-text-editor\" data-id=\"703865db\" data-element_type=\"widget\" data-widget_type=\"text-editor.default\">\n\t\t\t\t<div class=\"elementor-widget-container\">\n\t\t\t\t\t\t\t\t\t<h4>Espec\u00edficos<\/h4>\n<h5>The Williamson Administration will:<\/h5>\n<ul>\n<li>Abolish for-profit prisons.<\/li>\n<li>End the War on Drugs by legalizing cannabis and psychedelics used for both recreational and medical purposes, and expunging past convictions in order to reunite families that have been separated as a result of our criminal justice system.<\/li>\n<li>Release all incarcerated individuals with non-violent drug convictions and those who are incarcerated awaiting trial.<\/li>\n<li><a href=\"https:\/\/www.aclu.org\/issues\/juvenile-justice\/youth-incarceration\/americas-addiction-juvenile-incarceration-state-state#:~:text=On%20any%20given%20day%2C%20nearly,prisons%20in%20the%20United%20States.\" target=\"_blank\" rel=\"noopener\">Nearly 60,000<\/a> youth under the age of 18 have been incarcerated in prisons and juvenile jails in the U.S. The Williamson administration will ensure that children who interact with our justice system are treated as children, and not as grown adults.\u00a0<\/li>\n<li>Enforce the \u201cPrisoners Bill of Rights\u201d.<\/li>\n<li>Restore voting rights for ex-felons.\u00a0<\/li>\n<li>Ensure when individuals are released from prison, they receive a legitimate transition back into society.\u00a0<\/li>\n<li>End federal \u201cThree Strikes\u201d laws, and work with the states to end similar state provisions.<\/li>\n<li>End mandatory sentencing.\u00a0\u00a0<\/li>\n<li>Being that the vast majority of prisoners are locked up in state and local prisons, the Williamson administration will work with state governments to release as many non-violent offenders as possible.<\/li>\n<li>Empower the Justice Department to investigate for-profit prisons.<\/li>\n<li>End Cash Bail by encouraging Congress to pass H.R. 1249 No Money Bail Act.<\/li>\n<li>Work to increase the number and average pay of public defenders.<\/li>\n<li>Abolish the Death Penalty.<\/li>\n<li>Abolish underpaid prison labor.\u00a0<\/li>\n<li>Empower the Civil Rights Division to bring appropriate civil rights class-action suits on behalf of the imprisoned, and to investigate the conditions under which prisoners are held.<\/li>\n<li>Charge the Civil Rights Division with examining the parole process, and have them apply much-needed pressure on states and localities to re-examine their sentencing processes.<\/li>\n<\/ul>\t\t\t\t\t\t\t\t<\/div>\n\t\t\t\t<\/div>\n\t\t\t\t\t<\/div>\n\t\t<\/div>\n\t\t\t\t\t<\/div>\n\t\t<\/section>\n\t\t\t\t<\/div>","protected":false},"excerpt":{"rendered":"<p>Issues Mass Incarceration Our system of mass incarceration is a huge wound upon the spirit of America, and that wound can only be healed if we address what it is, how it got here, and how it can be changed. &#8211; Marianne Williamson Tweet With less than 5% of the world\u2019s population, but nearly 22% [&hellip;]<\/p>","protected":false},"author":13,"featured_media":10609,"parent":19,"menu_order":0,"comment_status":"closed","ping_status":"closed","template":"","meta":{"inline_featured_image":false,"footnotes":""},"class_list":["post-1649","page","type-page","status-publish","has-post-thumbnail","hentry"],"_links":{"self":[{"href":"https:\/\/marianne2024.com\/es\/wp-json\/wp\/v2\/pages\/1649","targetHints":{"allow":["GET"]}}],"collection":[{"href":"https:\/\/marianne2024.com\/es\/wp-json\/wp\/v2\/pages"}],"about":[{"href":"https:\/\/marianne2024.com\/es\/wp-json\/wp\/v2\/types\/page"}],"author":[{"embeddable":true,"href":"https:\/\/marianne2024.com\/es\/wp-json\/wp\/v2\/users\/13"}],"replies":[{"embeddable":true,"href":"https:\/\/marianne2024.com\/es\/wp-json\/wp\/v2\/comments?post=1649"}],"version-history":[{"count":0,"href":"https:\/\/marianne2024.com\/es\/wp-json\/wp\/v2\/pages\/1649\/revisions"}],"up":[{"embeddable":true,"href":"https:\/\/marianne2024.com\/es\/wp-json\/wp\/v2\/pages\/19"}],"wp:featuredmedia":[{"embeddable":true,"href":"https:\/\/marianne2024.com\/es\/wp-json\/wp\/v2\/media\/10609"}],"wp:attachment":[{"href":"https:\/\/marianne2024.com\/es\/wp-json\/wp\/v2\/media?parent=1649"}],"curies":[{"name":"wp","href":"https:\/\/api.w.org\/{rel}","templated":true}]}}