{"id":2786,"date":"2023-05-15T15:12:18","date_gmt":"2023-05-15T19:12:18","guid":{"rendered":"https:\/\/mw2024.local\/?page_id=2786"},"modified":"2023-08-10T21:12:45","modified_gmt":"2023-08-11T01:12:45","slug":"education-policy","status":"publish","type":"page","link":"https:\/\/marianne2024.com\/es\/issues\/education-policy\/","title":{"rendered":"Education Policy"},"content":{"rendered":"<div data-elementor-type=\"wp-page\" data-elementor-id=\"2786\" class=\"elementor elementor-2786\" data-elementor-post-type=\"page\">\n\t\t\t\t\t\t<section data-particle_enable=\"false\" data-particle-mobile-disabled=\"false\" class=\"elementor-section elementor-top-section elementor-element elementor-element-34423ffd elementor-section-boxed elementor-section-height-default elementor-section-height-default\" data-id=\"34423ffd\" data-element_type=\"section\">\n\t\t\t\t\t\t<div class=\"elementor-container elementor-column-gap-default\">\n\t\t\t\t\t<div class=\"elementor-column elementor-col-100 elementor-top-column elementor-element elementor-element-79347fc1\" data-id=\"79347fc1\" data-element_type=\"column\">\n\t\t\t<div class=\"elementor-widget-wrap elementor-element-populated\">\n\t\t\t\t\t\t<div class=\"elementor-element elementor-element-6d1a8422 elementor-widget elementor-widget-heading\" data-id=\"6d1a8422\" data-element_type=\"widget\" data-widget_type=\"heading.default\">\n\t\t\t\t<div class=\"elementor-widget-container\">\n\t\t\t\t\t<h2 class=\"elementor-heading-title elementor-size-default\">Temas<\/h2>\t\t\t\t<\/div>\n\t\t\t\t<\/div>\n\t\t\t\t<div class=\"elementor-element elementor-element-39138107 elementor-widget elementor-widget-heading\" data-id=\"39138107\" data-element_type=\"widget\" data-widget_type=\"heading.default\">\n\t\t\t\t<div class=\"elementor-widget-container\">\n\t\t\t\t\t<h2 class=\"elementor-heading-title elementor-size-default\">Education<\/h2>\t\t\t\t<\/div>\n\t\t\t\t<\/div>\n\t\t\t\t<div class=\"elementor-element elementor-element-698edcd elementor-blockquote--button-color-custom elementor-blockquote--skin-border elementor-widget elementor-widget-blockquote\" data-id=\"698edcd\" data-element_type=\"widget\" data-widget_type=\"blockquote.default\">\n\t\t\t\t<div class=\"elementor-widget-container\">\n\t\t\t\t\t\t\t<blockquote class=\"elementor-blockquote\">\n\t\t\t<p class=\"elementor-blockquote__content\">\n\t\t\t\tEducation should not be the filling of a pail; it should be the lighting of a fire.\t\t\t<\/p>\n\t\t\t\t\t\t\t<div class=\"e-q-footer\">\n\t\t\t\t\t\t\t\t\t\t\t<cite class=\"elementor-blockquote__author\">- William Butler Yeats<\/cite>\n\t\t\t\t\t\t\t\t\t\t\t\t\t\t<\/div>\n\t\t\t\t\t<\/blockquote>\n\t\t\t\t\t\t<\/div>\n\t\t\t\t<\/div>\n\t\t\t\t<div class=\"elementor-element elementor-element-74b824fc elementor-widget elementor-widget-text-editor\" data-id=\"74b824fc\" data-element_type=\"widget\" data-widget_type=\"text-editor.default\">\n\t\t\t\t<div class=\"elementor-widget-container\">\n\t\t\t\t\t\t\t\t\t<p><b>La educaci\u00f3n es m\u00e1s que un camino hacia un trabajo mejor; es una puerta hacia una vida m\u00e1s empoderada. Una buena educaci\u00f3n universal es esencial para una democracia porque proporciona a todos los ciudadanos las herramientas para pensar y actuar con el poder necesario para autogobernarse.<\/b><\/p><p>Un sentido m\u00e1s consciente de la ciudadan\u00eda es imperativo si queremos enderezar el rumbo de nuestra democracia; sin formaci\u00f3n en el rigor del pensamiento cr\u00edtico, estamos menos preparados para una ciudadan\u00eda comprometida. Una educaci\u00f3n de primera clase deber\u00eda ser el derecho de todo ciudadano estadounidense, no s\u00f3lo por el bien de cada ciudadano, sino por el bien del pa\u00eds.<\/p><p>La democracia otorga algo m\u00e1s que derechos. Tambi\u00e9n otorga responsabilidades: la responsabilidad de analizar con inteligencia lo que ocurre en nuestro pa\u00eds y de tomar decisiones cuidadosamente meditadas sobre qui\u00e9n debe representarnos. La educaci\u00f3n nos da una mayor capacidad para dirigir nuestras propias vidas y el destino de nuestro pa\u00eds.<\/p><h4>The State of Our Education Today<\/h4><p>Education is a form of empowerment, while under-education is a form of lock-out.<\/p><p>Millions of America children are locked out of the system before the age of ten years old, statistically more apt to be incarcerated at some point in their life than to achieve a high school diploma. The under-education of any American child is unacceptable, in fact it is a passive form of oppression. The United States is the only country that funds our public education through property taxes, ensuring that children from poorer neighborhoods receive a poorer education, thus deepening the roots of wealth inequality. Educational inequality is both the result of income inequality, and the cause of more of it.<\/p><p>Millions of American children each day go to schools that do not even have functioning toilets, and lack the minimum school supplies necessary to teach a child to read. A child who cannot read by the age of eight is less likely to graduate from high school, and more likely to one day be incarcerated. This is more than an educational issue; it is a human rights issue. In the richest country in the world, it must become our highest priority for every American child to receive a world class education.<\/p><h4>Approaches to Student Learning &amp; Development<\/h4><p><a href=\"https:\/\/marianne2024.com\/es\/issues\/us-dept-of-children-youth\/\" target=\"_blank\" rel=\"noopener\">Children are full citizens of the United States<\/a>. Yet because they do not vote, they lack advocacy in the halls of our government. And because they do not work, they lack financial leverage \u2013 an even greater disadvantage in today\u2019s political establishment. Our economic system is a holdover from a time when women had very little say, and children were basically considered \u201cwomen\u2019s work.\u201d Women do have a voice in the public sector today, and our highest priority should be to demand better care for America\u2019s children. Children are not simply the property of adults; they are citizens of the United States, and our government should vigorously secure their rights to \u201clife, liberty and the pursuit of happiness.\u201d<\/p><p>As president, I will.<\/p><p>Millions of American children live with chronic emotional trauma, unable to achieve the highest possibilities of education, even when it is offered to them. That is why trauma-informed education and social wrap-around services are necessary, in addition to what we have normally associated with the most important aspects of a child\u2019s education. Education in America should expand not only a student&#8217;s intellectual horizons but also her cultural, emotional, psychological and spiritual ones. It is impossible to separate issues of economic despair from issues of domestic violence, from issues of childhood trauma, from issues of lower educational achievement. Social media issues add to problems with learning skills and childhood anxiety. Added to that the existence of school shootings and the trauma they are causing all of our children, American children are in a state of psychological crisis. We need a president who understands that.<\/p><p>Universal quality education for all Americans, starting in pre-school and extending through college or technical school, should be available to all our citizens, in every neighborhood in America. Every child should have access to the most advanced arts education and the most incredible cultural opportunities, as well as the best intellectual preparedness of any nation in the world.<\/p><p>Why? Because America should belong to its people.<\/p><p>Government policy should support the dreams of our young, not <em>thwart<\/em> the dreams of our young.<\/p><p>Our government\u2019s servitude to short term profit maximization for multi-national corporations has squeezed the majority of resources of our public treasury into the hands of a very few, creating untold suffering among millions of Americans, particularly our children. Such is the opposite of effective long term economic planning. Our future gold, our future energy, our future success, lives in the kindergartens of America. The way to provide vibrancy in our country tomorrow \u2013 social, economic and political &#8211; is to honor our children today.<\/p>\t\t\t\t\t\t\t\t<\/div>\n\t\t\t\t<\/div>\n\t\t\t\t<div class=\"elementor-element elementor-element-45ec7325 elementor-widget-divider--view-line elementor-widget elementor-widget-divider\" data-id=\"45ec7325\" data-element_type=\"widget\" data-widget_type=\"divider.default\">\n\t\t\t\t<div class=\"elementor-widget-container\">\n\t\t\t\t\t\t\t<div class=\"elementor-divider\">\n\t\t\t<span class=\"elementor-divider-separator\">\n\t\t\t\t\t\t<\/span>\n\t\t<\/div>\n\t\t\t\t\t\t<\/div>\n\t\t\t\t<\/div>\n\t\t\t\t<div class=\"elementor-element elementor-element-2a3dff98 elementor-widget elementor-widget-text-editor\" data-id=\"2a3dff98\" data-element_type=\"widget\" data-widget_type=\"text-editor.default\">\n\t\t\t\t<div class=\"elementor-widget-container\">\n\t\t\t\t\t\t\t\t\t<h4>Espec\u00edficos<\/h4><h5>The Williamson Administration will fight for:<\/h5><ul><li>Affordable education: Offer free tuition to public colleges including community colleges, four-year colleges and Historically Black Colleges and Universities. Offer free trade school tuition and to work in occupations such as carpenter, plumber, bus mechanic, or electrician. Those trade schools will coordinate with organized apprenticeship programs to give students real-world experience.<\/li><li>Eliminating all interest on student loans and forgiving all federal and privately held student debt: Students are too often burdened with school loans that hold them back from following their dreams. Forgiving all student debt will allow students to work in a career they love, launch a business, or buy a home.<\/li><li>End equity gaps in higher education attainment, and ensure students are able to cover their non-tuition costs of attending school. We will accomplish this by: greatly expanding the Pell Grant Program, doubling funding for the Work Study Program, and much more.<\/li><li>Federal compensation for state school funding allows equal access to quality education for every American child.<\/li><li>End high-stakes testing and return to teachers the opportunity to practice the art of teaching.<\/li><li>Teacher training programs and teacher retention. We must invest in teacher education programs that provide best practices and developmentally appropriate models of education for our future teachers. Retaining these teachers in our classrooms requires giving them adequate preparation, support, leadership, and autonomy as well as compensation that reflects their professional stature. We also need to ensure that teachers face classrooms of a manageable size \u2013 and that means hiring more teachers overall. Student\/Teacher ratios must shrink.<\/li><li>Better management of education infrastructure. Buildings and buses are some of the largest budget items for public schools. There is no reason for buses to sit in a lot in between running kids to and from school, given society\u2019s need for public transportation. Multi-purpose use for buses would improve communities and drive down school costs. The same can be said for school facilities \u2013 there are other community services that can be provided in those locations, safely and effectively.<\/li><li>The most advanced matrix of technical schools in the world. Going to a liberal arts college is not the only option for higher education; we should create more opportunities for people who want to work in the trades or technical areas.<\/li><li>Low-cost education for those in middle and older age who have been dropped from our economy yet still retain, as all people do, their innate potential to create meaning for themselves and others.<\/li><\/ul><p>Part and parcel with these priorities is a need for safety.<\/p><p>Every child in America \u2013 and the parents who kiss them good-bye each morning &#8212; lives with the fear, however deeply tucked into the recesses of his or her mind, that this might be a day when someone starts shooting a gun at school.<\/p><p>Once again, corporate short term profit maximization\u2013 in this case, of gun manufacturers \u2013 is placed before the health and well-being even of our most precious citizens, and this underlying amorality would be vigorously challenged by my administration.<\/p>\t\t\t\t\t\t\t\t<\/div>\n\t\t\t\t<\/div>\n\t\t\t\t\t<\/div>\n\t\t<\/div>\n\t\t\t\t\t<\/div>\n\t\t<\/section>\n\t\t\t\t<\/div>","protected":false},"excerpt":{"rendered":"<p>Issues Education Education should not be the filling of a pail; it should be the lighting of a fire. &#8211; William Butler Yeats Education is more than a pathway to a better job; it is a gateway to a more empowered life. Good universal education is essential to a democracy because it gives the tools [&hellip;]<\/p>","protected":false},"author":5,"featured_media":10575,"parent":19,"menu_order":0,"comment_status":"closed","ping_status":"closed","template":"","meta":{"inline_featured_image":false,"footnotes":""},"class_list":["post-2786","page","type-page","status-publish","has-post-thumbnail","hentry"],"_links":{"self":[{"href":"https:\/\/marianne2024.com\/es\/wp-json\/wp\/v2\/pages\/2786","targetHints":{"allow":["GET"]}}],"collection":[{"href":"https:\/\/marianne2024.com\/es\/wp-json\/wp\/v2\/pages"}],"about":[{"href":"https:\/\/marianne2024.com\/es\/wp-json\/wp\/v2\/types\/page"}],"author":[{"embeddable":true,"href":"https:\/\/marianne2024.com\/es\/wp-json\/wp\/v2\/users\/5"}],"replies":[{"embeddable":true,"href":"https:\/\/marianne2024.com\/es\/wp-json\/wp\/v2\/comments?post=2786"}],"version-history":[{"count":0,"href":"https:\/\/marianne2024.com\/es\/wp-json\/wp\/v2\/pages\/2786\/revisions"}],"up":[{"embeddable":true,"href":"https:\/\/marianne2024.com\/es\/wp-json\/wp\/v2\/pages\/19"}],"wp:featuredmedia":[{"embeddable":true,"href":"https:\/\/marianne2024.com\/es\/wp-json\/wp\/v2\/media\/10575"}],"wp:attachment":[{"href":"https:\/\/marianne2024.com\/es\/wp-json\/wp\/v2\/media?parent=2786"}],"curies":[{"name":"wp","href":"https:\/\/api.w.org\/{rel}","templated":true}]}}