{"id":2902,"date":"2023-05-18T12:06:35","date_gmt":"2023-05-18T16:06:35","guid":{"rendered":"https:\/\/mw2024.local\/?page_id=2902"},"modified":"2023-08-10T21:08:50","modified_gmt":"2023-08-11T01:08:50","slug":"pandemic-policy","status":"publish","type":"page","link":"https:\/\/marianne2024.com\/es\/issues\/pandemic-policy\/","title":{"rendered":"Pandemic &#038; Long Covid Response Policy"},"content":{"rendered":"<div data-elementor-type=\"wp-page\" data-elementor-id=\"2902\" class=\"elementor elementor-2902\" data-elementor-post-type=\"page\">\n\t\t\t\t\t\t<section data-particle_enable=\"false\" data-particle-mobile-disabled=\"false\" class=\"elementor-section elementor-top-section elementor-element elementor-element-3dbe0d41 elementor-section-boxed elementor-section-height-default elementor-section-height-default\" data-id=\"3dbe0d41\" data-element_type=\"section\">\n\t\t\t\t\t\t<div class=\"elementor-container elementor-column-gap-default\">\n\t\t\t\t\t<div class=\"elementor-column elementor-col-100 elementor-top-column elementor-element elementor-element-7adf3beb\" data-id=\"7adf3beb\" data-element_type=\"column\">\n\t\t\t<div class=\"elementor-widget-wrap elementor-element-populated\">\n\t\t\t\t\t\t<div class=\"elementor-element elementor-element-33c2d735 elementor-widget elementor-widget-heading\" data-id=\"33c2d735\" data-element_type=\"widget\" data-widget_type=\"heading.default\">\n\t\t\t\t<div class=\"elementor-widget-container\">\n\t\t\t\t\t<h2 class=\"elementor-heading-title elementor-size-default\">Temas<\/h2>\t\t\t\t<\/div>\n\t\t\t\t<\/div>\n\t\t\t\t<div class=\"elementor-element elementor-element-6592352a elementor-widget elementor-widget-heading\" data-id=\"6592352a\" data-element_type=\"widget\" data-widget_type=\"heading.default\">\n\t\t\t\t<div class=\"elementor-widget-container\">\n\t\t\t\t\t<h2 class=\"elementor-heading-title elementor-size-default\">Pandemic &amp; Long Covid Response<\/h2>\t\t\t\t<\/div>\n\t\t\t\t<\/div>\n\t\t\t\t<div class=\"elementor-element elementor-element-286f9f38 elementor-blockquote--button-skin-link elementor-blockquote--button-color-custom elementor-blockquote--skin-border elementor-blockquote--button-view-icon-text elementor-widget elementor-widget-blockquote\" data-id=\"286f9f38\" data-element_type=\"widget\" data-widget_type=\"blockquote.default\">\n\t\t\t\t<div class=\"elementor-widget-container\">\n\t\t\t\t\t\t\t<blockquote class=\"elementor-blockquote\">\n\t\t\t<p class=\"elementor-blockquote__content\">\n\t\t\t\tVaccines should be provided free to the public as part of a universal healthcare program.\t\t\t<\/p>\n\t\t\t\t\t\t\t<div class=\"e-q-footer\">\n\t\t\t\t\t\t\t\t\t\t\t<cite class=\"elementor-blockquote__author\">- Marianne Williamson<\/cite>\n\t\t\t\t\t\t\t\t\t\t\t\t\t\t\t\t<a href=\"https:\/\/twitter.com\/intent\/tweet?text=Vaccines+should+be+provided+free+to+the+public+as+part+of+a+universal+healthcare+program.+%E2%80%94+-+Marianne+Williamson&amp;url=https%3A%2F%2Fmarianne2024.com%2Fes%2Fwp-json%2Fwp%2Fv2%2Fpages%2F2902\" class=\"elementor-blockquote__tweet-button\" target=\"_blank\">\n\t\t\t\t\t\t\t\t\t\t\t\t\t\t\t<i aria-hidden=\"true\" class=\"fab fa-twitter\"><\/i>\t\t\t\t\t\t\t\t\t\t\t\t\t\t\t\t\t\t\t\t\t\t\t\t\t\t\t\t\t\t<span class=\"elementor-blockquote__tweet-label\">Tweet<\/span>\n\t\t\t\t\t\t\t\t\t\t\t\t\t<\/a>\n\t\t\t\t\t\t\t\t\t<\/div>\n\t\t\t\t\t<\/blockquote>\n\t\t\t\t\t\t<\/div>\n\t\t\t\t<\/div>\n\t\t\t\t<div class=\"elementor-element elementor-element-2d4df555 elementor-widget elementor-widget-text-editor\" data-id=\"2d4df555\" data-element_type=\"widget\" data-widget_type=\"text-editor.default\">\n\t\t\t\t<div class=\"elementor-widget-container\">\n\t\t\t\t\t\t\t\t\t<p>According to studies by the Centers for Disease Control and Prevention (CDC), our country\u2019s inadequate response to COVID-19 has resulted in over <a href=\"https:\/\/covid.cdc.gov\/covid-data-tracker\/#datatracker-home\">1.1 million deaths<\/a> and on average over 3200 people hospitalized daily. This means that the pandemic should return to status as a national emergency. Since the start of the pandemic in early 2020, <a href=\"https:\/\/www.bls.gov\/cps\/effects-of-the-coronavirus-covid-19-pandemic.htm\">tens of millions have become unemployed<\/a> and currently <a href=\"https:\/\/evictionlab.org\/eviction-tracking\/\">face eviction<\/a>. Persons with disabilities and in particular those who are immunocompromised have been significantly impacted. What is concerning is that according to the CDC only <a href=\"https:\/\/covid.cdc.gov\/covid-data-tracker\/#vaccinations_vacc-people-booster-percent-pop5\">17 percent<\/a> of people in the U.S. are current on their booster shots.<\/p><p><span style=\"color: var( --e-global-color-text ); font-family: var( --e-global-typography-text-font-family ), Sans-serif; font-size: var( --e-global-typography-text-font-size ); font-style: var( --e-global-typography-text-font-style ); font-weight: var( --e-global-typography-text-font-weight ); text-transform: var( --e-global-typography-text-text-transform );\">Many in the US have been skeptical about the efficacy of vaccines, however the <\/span><a style=\"font-family: var( --e-global-typography-text-font-family ), Sans-serif; font-size: var( --e-global-typography-text-font-size ); font-style: var( --e-global-typography-text-font-style ); font-weight: var( --e-global-typography-text-font-weight ); text-transform: var( --e-global-typography-text-text-transform ); background-color: #ffffff;\" href=\"https:\/\/www.mcgill.ca\/oss\/article\/covid-19-health\/how-we-know-covid-19-vaccines-work\">strong scientific evidence is that vaccines work<\/a><span style=\"color: var( --e-global-color-text ); font-family: var( --e-global-typography-text-font-family ), Sans-serif; font-size: var( --e-global-typography-text-font-size ); font-style: var( --e-global-typography-text-font-style ); font-weight: var( --e-global-typography-text-font-weight ); text-transform: var( --e-global-typography-text-text-transform );\">, even if their efficacy is not 100 percent. One of the main reasons people are skeptical about vaccines, aside from rampant disinformation, is the <\/span><a style=\"font-family: var( --e-global-typography-text-font-family ), Sans-serif; font-size: var( --e-global-typography-text-font-size ); font-style: var( --e-global-typography-text-font-style ); font-weight: var( --e-global-typography-text-font-weight ); text-transform: var( --e-global-typography-text-text-transform ); background-color: #ffffff;\" href=\"https:\/\/www.businessinsider.com\/big-pharma-mistrust-contributed-to-vaccine-hesitancy-2021-8\">distrust of the for-profit pharmaceutical industry<\/a><span style=\"color: var( --e-global-color-text ); font-family: var( --e-global-typography-text-font-family ), Sans-serif; font-size: var( --e-global-typography-text-font-size ); font-style: var( --e-global-typography-text-font-style ); font-weight: var( --e-global-typography-text-font-weight ); text-transform: var( --e-global-typography-text-text-transform );\">, which has made massive profits from the sale of Covid-19 vaccines. In 2022, <\/span><a style=\"font-family: var( --e-global-typography-text-font-family ), Sans-serif; font-size: var( --e-global-typography-text-font-size ); font-style: var( --e-global-typography-text-font-style ); font-weight: var( --e-global-typography-text-font-weight ); text-transform: var( --e-global-typography-text-text-transform ); background-color: #ffffff;\" href=\"https:\/\/www.fiercepharma.com\/pharma\/moderna-covid-vax-scarfed-sales-184b-2022-company-says#:~:text=The mRNA juggernaut reported that,2021 sales of $17.7 billion.\">Moderna alone made $18.4 billion in profit<\/a><span style=\"color: var( --e-global-color-text ); font-family: var( --e-global-typography-text-font-family ), Sans-serif; font-size: var( --e-global-typography-text-font-size ); font-style: var( --e-global-typography-text-font-style ); font-weight: var( --e-global-typography-text-font-weight ); text-transform: var( --e-global-typography-text-text-transform );\"> from Covid-19 vaccine sales. However, much of the research and development of vaccines is done by <\/span><a style=\"font-family: var( --e-global-typography-text-font-family ), Sans-serif; font-size: var( --e-global-typography-text-font-size ); font-style: var( --e-global-typography-text-font-style ); font-weight: var( --e-global-typography-text-font-weight ); text-transform: var( --e-global-typography-text-text-transform ); background-color: #ffffff;\" href=\"https:\/\/www.news-medical.net\/news\/20230306\/Decades-of-substantial-US-Government-investment-in-mRNA-technology-paved-way-for-COVID-19-vaccines.aspx#:~:text=Conclusions,millions of lives being saved.\">publicly funded institutions<\/a><a style=\"font-family: var( --e-global-typography-text-font-family ), Sans-serif; font-size: var( --e-global-typography-text-font-size ); font-style: var( --e-global-typography-text-font-style ); font-weight: var( --e-global-typography-text-font-weight ); text-transform: var( --e-global-typography-text-text-transform ); background-color: #ffffff;\" href=\"https:\/\/www.news-medical.net\/news\/20230306\/Decades-of-substantial-US-Government-investment-in-mRNA-technology-paved-way-for-COVID-19-vaccines.aspx#:~:text=Conclusions,millions of lives being saved.\">.<\/a><\/p>\t\t\t\t\t\t\t\t<\/div>\n\t\t\t\t<\/div>\n\t\t\t\t<div class=\"elementor-element elementor-element-530bf3bd elementor-widget-divider--view-line elementor-widget elementor-widget-divider\" data-id=\"530bf3bd\" data-element_type=\"widget\" data-widget_type=\"divider.default\">\n\t\t\t\t<div class=\"elementor-widget-container\">\n\t\t\t\t\t\t\t<div class=\"elementor-divider\">\n\t\t\t<span class=\"elementor-divider-separator\">\n\t\t\t\t\t\t<\/span>\n\t\t<\/div>\n\t\t\t\t\t\t<\/div>\n\t\t\t\t<\/div>\n\t\t\t\t<div class=\"elementor-element elementor-element-3d3ba5e3 elementor-widget elementor-widget-text-editor\" data-id=\"3d3ba5e3\" data-element_type=\"widget\" data-widget_type=\"text-editor.default\">\n\t\t\t\t<div class=\"elementor-widget-container\">\n\t\t\t\t\t\t\t\t\t<h4>Espec\u00edficos<\/h4><p>The Williamson Administration will:<\/p><ul><li>Review and update the 2006 Pandemic Preparedness Act (reauthorized in 2013 and updated in 2019, prior to COVID) and ensure that our pandemic preparedness is fully funded.<\/li><li>Restore public trust in vaccine science is to end the financialization of vaccines. While Moderna just recently said it may increase the price of their Covid-19 vaccine to $130, <a href=\"https:\/\/www.texastribune.org\/2022\/02\/10\/corbevax-texas-coronavirus-vaccine\/\">Baylor University in Texas<\/a> developed not one, but two Covid-19 vaccines whose formulas were provided to countries in the global south so those countries could provide low cost vaccines to their people. Vaccines are a critical medicine that the American public needs to trust, now and in the case of future pandemics.<\/li><li>Vaccines should be provided free to the public as part of a universal healthcare program.<\/li><li>Personal protective equipment such as N-95 type masks, and all pandemic testing (which should include viral load testing) should be free at pharmacies. If existing pharmaceutical companies refuse to produce such necessities at cost to the federal government, then the federal government will produce them.<\/li><li>Mandate and provide funding for high quality air filtration code improvements for all public transportation, buildings and businesses.<\/li><li>We must implement Universal Healthcare, and ensure we have the facilities and trained medical staff to meet the continuing impacts of the Covid-19 pandemic and any future pandemics.<\/li><\/ul><p style=\"padding-left: 80px;\">A recent study by the <a style=\"font-family: var( --e-global-typography-text-font-family ), Sans-serif; font-style: var( --e-global-typography-text-font-style ); font-weight: var( --e-global-typography-text-font-weight ); text-transform: var( --e-global-typography-text-text-transform );\" href=\"https:\/\/www.scientificamerican.com\/article\/universal-health-care-could-have-saved-more-than-330-000-u-s-lives-during-covid\/\">National Academy of Sciences<\/a><span style=\"background-color: transparent; color: var( --e-global-color-text ); font-family: var( --e-global-typography-text-font-family ), Sans-serif; font-style: var( --e-global-typography-text-font-style ); font-weight: var( --e-global-typography-text-font-weight ); text-transform: var( --e-global-typography-text-text-transform );\"> stated that over 330,000 Covid-19 deaths could have been prevented if we had a universal healthcare program.<\/span><\/p><p style=\"padding-left: 80px;\">In order to encourage entry into the medical profession among our graduating high school seniors, we must relieve the burden of student debt. Doctors should not be coming out of eight or more years of school hundreds of thousands of dollars in debt. Universal healthcare and tuition free public college will be key components of addressing pandemics.<\/p><ul><li>We must recognize and address the long term effects of Covid-19. A recent study by the Center for American Progress identified that Covid-19 likely <a href=\"https:\/\/www.americanprogress.org\/article\/covid-19-likely-resulted-in-1-2-million-more-disabled-people-by-the-end-of-2021-workplaces-and-policy-will-need-to-adapt\/#:~:text=New analysis of the U.S.,disability than were in 2020.\">increased the disabled population<\/a> in the United States by over 1.2 million persons just from 2020 to 2021. This has had dramatic impacts on people who had relied on their daily work, but can no longer do those jobs to the extent they previously were able.<\/li><\/ul><p><a href=\"https:\/\/www.hopkinsmedicine.org\/health\/conditions-and-diseases\/coronavirus\/covid-long-haulers-long-term-effects-of-covid19\">Long Covid<\/a> La prolongada Covid ha causado discapacidades cognitivas y f\u00edsicas, y debemos garantizar que los afectados est\u00e9n protegidos en su lugar de trabajo, as\u00ed como con las posibles repercusiones en sus necesidades de vivienda y atenci\u00f3n sanitaria. Como pa\u00eds, no podemos transigir a la hora de aliviar el trauma infligido a los trabajadores, a los discapacitados y a las comunidades marginadas.<\/p>\t\t\t\t\t\t\t\t<\/div>\n\t\t\t\t<\/div>\n\t\t\t\t\t<\/div>\n\t\t<\/div>\n\t\t\t\t\t<\/div>\n\t\t<\/section>\n\t\t\t\t<\/div>","protected":false},"excerpt":{"rendered":"<p>Issues Pandemic &amp; Long Covid Response Vaccines should be provided free to the public as part of a universal healthcare program. &#8211; Marianne Williamson Tweet According to studies by the Centers for Disease Control and Prevention (CDC), our country\u2019s inadequate response to COVID-19 has resulted in over 1.1 million deaths and on average over 3200 [&hellip;]<\/p>","protected":false},"author":4,"featured_media":10578,"parent":19,"menu_order":0,"comment_status":"closed","ping_status":"closed","template":"","meta":{"inline_featured_image":false,"footnotes":""},"class_list":["post-2902","page","type-page","status-publish","has-post-thumbnail","hentry"],"_links":{"self":[{"href":"https:\/\/marianne2024.com\/es\/wp-json\/wp\/v2\/pages\/2902","targetHints":{"allow":["GET"]}}],"collection":[{"href":"https:\/\/marianne2024.com\/es\/wp-json\/wp\/v2\/pages"}],"about":[{"href":"https:\/\/marianne2024.com\/es\/wp-json\/wp\/v2\/types\/page"}],"author":[{"embeddable":true,"href":"https:\/\/marianne2024.com\/es\/wp-json\/wp\/v2\/users\/4"}],"replies":[{"embeddable":true,"href":"https:\/\/marianne2024.com\/es\/wp-json\/wp\/v2\/comments?post=2902"}],"version-history":[{"count":0,"href":"https:\/\/marianne2024.com\/es\/wp-json\/wp\/v2\/pages\/2902\/revisions"}],"up":[{"embeddable":true,"href":"https:\/\/marianne2024.com\/es\/wp-json\/wp\/v2\/pages\/19"}],"wp:featuredmedia":[{"embeddable":true,"href":"https:\/\/marianne2024.com\/es\/wp-json\/wp\/v2\/media\/10578"}],"wp:attachment":[{"href":"https:\/\/marianne2024.com\/es\/wp-json\/wp\/v2\/media?parent=2902"}],"curies":[{"name":"wp","href":"https:\/\/api.w.org\/{rel}","templated":true}]}}