{"id":41,"date":"2023-04-01T18:57:18","date_gmt":"2023-04-01T22:57:18","guid":{"rendered":"https:\/\/mw2024.local\/?page_id=41"},"modified":"2024-09-13T17:02:56","modified_gmt":"2024-09-13T21:02:56","slug":"us-dept-of-children-youth","status":"publish","type":"page","link":"https:\/\/marianne2024.com\/es\/issues\/us-dept-of-children-youth\/","title":{"rendered":"U.S. Dept of Children &#038; Youth"},"content":{"rendered":"<div data-elementor-type=\"wp-page\" data-elementor-id=\"41\" class=\"elementor elementor-41\" data-elementor-post-type=\"page\">\n\t\t\t\t\t\t<section data-particle_enable=\"false\" data-particle-mobile-disabled=\"false\" class=\"elementor-section elementor-top-section elementor-element elementor-element-621eae24 elementor-section-boxed elementor-section-height-default elementor-section-height-default\" data-id=\"621eae24\" data-element_type=\"section\">\n\t\t\t\t\t\t<div class=\"elementor-container elementor-column-gap-default\">\n\t\t\t\t\t<div class=\"elementor-column elementor-col-100 elementor-top-column elementor-element elementor-element-13cff36a\" data-id=\"13cff36a\" data-element_type=\"column\">\n\t\t\t<div class=\"elementor-widget-wrap elementor-element-populated\">\n\t\t\t\t\t\t<div class=\"elementor-element elementor-element-56899ddc elementor-widget elementor-widget-heading\" data-id=\"56899ddc\" data-element_type=\"widget\" data-widget_type=\"heading.default\">\n\t\t\t\t<div class=\"elementor-widget-container\">\n\t\t\t\t\t<h2 class=\"elementor-heading-title elementor-size-default\">Temas<\/h2>\t\t\t\t<\/div>\n\t\t\t\t<\/div>\n\t\t\t\t<div class=\"elementor-element elementor-element-1ee887fd elementor-widget elementor-widget-heading\" data-id=\"1ee887fd\" data-element_type=\"widget\" data-widget_type=\"heading.default\">\n\t\t\t\t<div class=\"elementor-widget-container\">\n\t\t\t\t\t<h2 class=\"elementor-heading-title elementor-size-default\">Departamento de<\/h2>\t\t\t\t<\/div>\n\t\t\t\t<\/div>\n\t\t\t\t<div class=\"elementor-element elementor-element-7a220d26 elementor-widget elementor-widget-heading\" data-id=\"7a220d26\" data-element_type=\"widget\" data-widget_type=\"heading.default\">\n\t\t\t\t<div class=\"elementor-widget-container\">\n\t\t\t\t\t<h2 class=\"elementor-heading-title elementor-size-default\">of Children &amp; Youth<\/h2>\t\t\t\t<\/div>\n\t\t\t\t<\/div>\n\t\t\t\t<div class=\"elementor-element elementor-element-1b9bef0c elementor-blockquote--button-skin-link elementor-blockquote--button-color-custom elementor-blockquote--skin-border elementor-blockquote--button-view-icon-text elementor-widget elementor-widget-blockquote\" data-id=\"1b9bef0c\" data-element_type=\"widget\" data-widget_type=\"blockquote.default\">\n\t\t\t\t<div class=\"elementor-widget-container\">\n\t\t\t\t\t\t\t<blockquote class=\"elementor-blockquote\">\n\t\t\t<p class=\"elementor-blockquote__content\">\n\t\t\t\tSi un individuo desatiende a un ni\u00f1o, lo calificamos de poco \u00e9tico en el mejor de los casos y de criminal en el peor. Entonces, \u00bfc\u00f3mo llamamos a una sociedad que desatiende colectivamente a millones de nuestros ni\u00f1os?\t\t\t<\/p>\n\t\t\t\t\t\t\t<div class=\"e-q-footer\">\n\t\t\t\t\t\t\t\t\t\t\t<cite class=\"elementor-blockquote__author\">- Marianne Williamson<\/cite>\n\t\t\t\t\t\t\t\t\t\t\t\t\t\t\t\t<a href=\"https:\/\/twitter.com\/intent\/tweet?text=Si+un+individuo+desatiende+a+un+ni%C3%B1o%2C+lo+calificamos+de+poco+%C3%A9tico+en+el+mejor+de+los+casos+y+de+criminal+en+el+peor.+Entonces%2C+%C2%BFc%C3%B3mo+llamamos+a+una+sociedad+que+desatiende+colectivamente+a+millones+de+nuestros+ni%C3%B1os%3F+%E2%80%94+-+Marianne+Williamson&amp;url=https%3A%2F%2Fmarianne2024.com%2Fes%2Fwp-json%2Fwp%2Fv2%2Fpages%2F41\" class=\"elementor-blockquote__tweet-button\" target=\"_blank\">\n\t\t\t\t\t\t\t\t\t\t\t\t\t\t\t<i aria-hidden=\"true\" class=\"fab fa-twitter\"><\/i>\t\t\t\t\t\t\t\t\t\t\t\t\t\t\t\t\t\t\t\t\t\t\t\t\t\t\t\t\t\t<span class=\"elementor-blockquote__tweet-label\">Tweet<\/span>\n\t\t\t\t\t\t\t\t\t\t\t\t\t<\/a>\n\t\t\t\t\t\t\t\t\t<\/div>\n\t\t\t\t\t<\/blockquote>\n\t\t\t\t\t\t<\/div>\n\t\t\t\t<\/div>\n\t\t\t\t<div class=\"elementor-element elementor-element-13f253d elementor-widget elementor-widget-text-editor\" data-id=\"13f253d\" data-element_type=\"widget\" data-widget_type=\"text-editor.default\">\n\t\t\t\t<div class=\"elementor-widget-container\">\n\t\t\t\t\t\t\t\t\t<p class=\"copy\">The way to take care of our economy tomorrow is by taking better care of our children today.<\/p>\n\n<p class=\"copy\">Cuando se trata de salud, hambre, adicci\u00f3n, educaci\u00f3n y seguridad, estamos eludiendo nuestras responsabilidades como naci\u00f3n de padres. La defensa de los ni\u00f1os no se aborda con la atenci\u00f3n y el cuidado que merece. Demasiados de nuestros ni\u00f1os est\u00e1n en peligro f\u00edsica y emocionalmente. Se trata de una emergencia humanitaria.<\/p>\n\n<p class=\"copy\">La mayor\u00eda de los estadounidenses no comprenden plenamente el nivel de trauma cr\u00f3nico que sufren nuestros ni\u00f1os hoy en d\u00eda, pero el trauma cr\u00f3nico sigue sin abordarse. Millones de ni\u00f1os carecen de acceso constante a alimentos suficientes y nutritivos, millones carecen de atenci\u00f3n sanitaria y millones van a la escuela sin el material escolar necesario para ense\u00f1ar a un ni\u00f1o a leer. Un ni\u00f1o que no sabe leer a la edad de 8 a\u00f1os tiene menos posibilidades de graduarse en la escuela secundaria y m\u00e1s posibilidades de ser encarcelado.<\/p>\n\n<p class=\"copy\">En la actualidad, Estados Unidos se sit\u00faa en los \u00faltimos puestos, o cerca de ellos, en casi todos los indicadores relativos a las pol\u00edticas gubernamentales hacia los ni\u00f1os. Nuestras tasas de homicidio juvenil son m\u00e1s de siete veces superiores a las de otras naciones industrializadas l\u00edderes. Los cient\u00edficos sociales describen ahora \"zonas de guerra\" -\u00e1reas en hogares y comunidades cargadas de violencia- donde los niveles de trauma y estr\u00e9s postraum\u00e1tico entre los ni\u00f1os son similares a los experimentados por los veteranos que regresan. No hay nada de \"post\" en el estr\u00e9s traum\u00e1tico de nuestros hijos cuando se vuelve a desencadenar cada d\u00eda.<\/p>\n\n<p class=\"copy\">Debemos rescatar a nuestros hijos de estas crisis de la misma manera que si los rescat\u00e1ramos de cat\u00e1strofes naturales.<\/p>\n\n<p class=\"copy\">America should establish a cabinet level Department of Childhood and Youth. Our economic system was developed at a time when women had little or no voice within the public sphere, and taking care of children was considered \u201cwomen\u2019s work.\u201d In addition, there was none of the scientific evidence we have today that so much brainpower is stored in the brain of a child under the age of ten. We now know that a child\u2019s brain is infinitely more flexible, emotionally intelligent, and capable of learning and retaining information than an adult\u2019s. The neuroplasticity in the brain of a child is at its height before the age of eight.<\/p>\n\n<p class=\"copy\">We need a massive realignment of investment in the direction of children. Every school, every library, every community, should be a place where learning, nature, the arts and all forms of sustainable living are celebrated and fostered.<\/p>\t\t\t\t\t\t\t\t<\/div>\n\t\t\t\t<\/div>\n\t\t\t\t<div class=\"elementor-element elementor-element-3409b092 elementor-widget-divider--view-line elementor-widget elementor-widget-divider\" data-id=\"3409b092\" data-element_type=\"widget\" data-widget_type=\"divider.default\">\n\t\t\t\t<div class=\"elementor-widget-container\">\n\t\t\t\t\t\t\t<div class=\"elementor-divider\">\n\t\t\t<span class=\"elementor-divider-separator\">\n\t\t\t\t\t\t<\/span>\n\t\t<\/div>\n\t\t\t\t\t\t<\/div>\n\t\t\t\t<\/div>\n\t\t\t\t<div class=\"elementor-element elementor-element-4d9ca713 elementor-widget elementor-widget-text-editor\" data-id=\"4d9ca713\" data-element_type=\"widget\" data-widget_type=\"text-editor.default\">\n\t\t\t\t<div class=\"elementor-widget-container\">\n\t\t\t\t\t\t\t\t\t<h4>Defensa del menor<\/h4>\n<p class=\"copy\">Un ni\u00f1o peque\u00f1o no puede alimentarse, vestirse ni educarse. Los ni\u00f1os no pueden votar en contra de intereses especiales que se benefician econ\u00f3micamente de actividades que perjudican su salud, les niegan la educaci\u00f3n o se aprovechan de sus problemas. La defensa de nuestros ni\u00f1os no es una cuesti\u00f3n de caridad; es una cuesti\u00f3n de justicia.<\/p>\n\n<p class=\"copy\">The United States is the only country in the world that funds so much of its education system through property taxes, thereby ensuring that children in a poorer neighborhood will get a poorer education. Even where states do their best to compensate for the disparity, the gaps are appalling.<\/p>\n\n<p class=\"copy\">Dado que nuestro gobierno se ha alineado cada vez m\u00e1s con los intereses del poder corporativo por encima de las necesidades de su pueblo, no deber\u00eda sorprender a nadie que los intereses de los ni\u00f1os queden en el \u00faltimo lugar de su lista de prioridades. Los grupos de defensa de los j\u00f3venes no est\u00e1n a la altura del peso econ\u00f3mico concedido a los intereses corporativos.<\/p>\n<p class=\"copy\">Y esto no es buena econom\u00eda. Si nuestro objetivo fuera una verdadera planificaci\u00f3n econ\u00f3mica a largo plazo, no habr\u00eda ni un solo estadounidense en la primera infancia con algo menos que asistencia sanitaria, educaci\u00f3n y alimentaci\u00f3n de la mejor calidad.<\/p>\n\n<p class=\"copy\">To ask for this doesn\u2019t mean we\u2019re asking for too much. There is no lack of money to do this. There is simply too much money going elsewhere.<\/p>\n\n<p class=\"copy\">The beginning of any system is all-important, and that is what childhood is.\u00a0 Once a beginning is set within any system, things will be far more difficult to change afterward.<\/p>\n<p class=\"copy\"><strong>Espec\u00edficos<\/strong><\/p>\n<ul>\n<li>Atenci\u00f3n prenatal adecuada, independientemente de la capacidad de pago.<\/li>\n<li>Atenci\u00f3n sanitaria adecuada a las mujeres embarazadas.<\/li>\n<li>Permisos de maternidad y paternidad.<\/li>\n<li>Atenci\u00f3n infantil y preescolar universales.<\/li>\n<li>Escuelas primarias y secundarias de alto calibre para todos los estudiantes estadounidenses.<\/li>\n<li>Excelencia nutricional en los alimentos que se sirven y venden en los colegios p\u00fablicos.<\/li>\n<li>Formaci\u00f3n en mindfulness en las escuelas.<\/li>\n<li>Servicios integrales y antitrauma para j\u00f3venes en situaci\u00f3n de riesgo y sus familias.<\/li>\n<li>Resoluci\u00f3n de conflictos, justicia reparadora, formaci\u00f3n para la creaci\u00f3n de paz.<\/li>\n<li>Tratamiento del abuso de sustancias y asesoramiento familiar para familias necesitadas.<\/li>\n<li>Servicios de salud mental (no farmac\u00e9uticos) para ni\u00f1os<\/li>\n<li>Buenas pr\u00e1cticas de todo tipo en las escuelas y en las comunidades que atienden adecuadamente a los ni\u00f1os.<\/li>\n<li>Encourage Congress to pass the American Opportunity Accounts Act, instituting a Baby Bond program that invests in our citizens starting at birth.<\/li>\n<li>Stringent, specific scientific review and public reporting on governmental policies (food, climate, economics, guns, etc.) and how they affect America\u2019s children.<\/li>\n<\/ul>\n<p class=\"copy\">Los beneficios a largo plazo de estas inversiones son incalculables. Pero no es por eso por lo que necesitamos hacer esas inversiones. Necesitamos hacerlas por nuestra propia supervivencia.<\/p>\n\t\t\t\t\t\t\t\t<\/div>\n\t\t\t\t<\/div>\n\t\t\t\t\t<\/div>\n\t\t<\/div>\n\t\t\t\t\t<\/div>\n\t\t<\/section>\n\t\t\t\t<\/div>","protected":false},"excerpt":{"rendered":"<p>Issues U.S. Department of Children &#038; Youth If an individual neglects a child, we call this unethical at best and criminal at worst. So what do we call a society who collectively neglects millions of our children? &#8211; Marianne Williamson Tweet The way to take care of our economy tomorrow is by taking better care [&hellip;]<\/p>","protected":false},"author":13,"featured_media":8100,"parent":19,"menu_order":0,"comment_status":"closed","ping_status":"closed","template":"","meta":{"inline_featured_image":false,"footnotes":""},"class_list":["post-41","page","type-page","status-publish","has-post-thumbnail","hentry"],"_links":{"self":[{"href":"https:\/\/marianne2024.com\/es\/wp-json\/wp\/v2\/pages\/41","targetHints":{"allow":["GET"]}}],"collection":[{"href":"https:\/\/marianne2024.com\/es\/wp-json\/wp\/v2\/pages"}],"about":[{"href":"https:\/\/marianne2024.com\/es\/wp-json\/wp\/v2\/types\/page"}],"author":[{"embeddable":true,"href":"https:\/\/marianne2024.com\/es\/wp-json\/wp\/v2\/users\/13"}],"replies":[{"embeddable":true,"href":"https:\/\/marianne2024.com\/es\/wp-json\/wp\/v2\/comments?post=41"}],"version-history":[{"count":0,"href":"https:\/\/marianne2024.com\/es\/wp-json\/wp\/v2\/pages\/41\/revisions"}],"up":[{"embeddable":true,"href":"https:\/\/marianne2024.com\/es\/wp-json\/wp\/v2\/pages\/19"}],"wp:featuredmedia":[{"embeddable":true,"href":"https:\/\/marianne2024.com\/es\/wp-json\/wp\/v2\/media\/8100"}],"wp:attachment":[{"href":"https:\/\/marianne2024.com\/es\/wp-json\/wp\/v2\/media?parent=41"}],"curies":[{"name":"wp","href":"https:\/\/api.w.org\/{rel}","templated":true}]}}