{"id":50,"date":"2023-04-01T18:59:34","date_gmt":"2023-04-01T22:59:34","guid":{"rendered":"https:\/\/mw2024.local\/?page_id=50"},"modified":"2023-08-26T18:29:34","modified_gmt":"2023-08-26T22:29:34","slug":"womens-rights","status":"publish","type":"page","link":"https:\/\/marianne2024.com\/es\/issues\/womens-rights\/","title":{"rendered":"Women&#8217;s Rights"},"content":{"rendered":"<div data-elementor-type=\"wp-page\" data-elementor-id=\"50\" class=\"elementor elementor-50\" data-elementor-post-type=\"page\">\n\t\t\t\t\t\t<section data-particle_enable=\"false\" data-particle-mobile-disabled=\"false\" class=\"elementor-section elementor-top-section elementor-element elementor-element-7ccd49c4 elementor-section-boxed elementor-section-height-default elementor-section-height-default\" data-id=\"7ccd49c4\" data-element_type=\"section\">\n\t\t\t\t\t\t<div class=\"elementor-container elementor-column-gap-default\">\n\t\t\t\t\t<div class=\"elementor-column elementor-col-100 elementor-top-column elementor-element elementor-element-3b8ab64d\" data-id=\"3b8ab64d\" data-element_type=\"column\">\n\t\t\t<div class=\"elementor-widget-wrap elementor-element-populated\">\n\t\t\t\t\t\t<div class=\"elementor-element elementor-element-62a4cdb9 elementor-widget elementor-widget-heading\" data-id=\"62a4cdb9\" data-element_type=\"widget\" data-widget_type=\"heading.default\">\n\t\t\t\t<div class=\"elementor-widget-container\">\n\t\t\t\t\t<h2 class=\"elementor-heading-title elementor-size-default\">Temas<\/h2>\t\t\t\t<\/div>\n\t\t\t\t<\/div>\n\t\t\t\t<div class=\"elementor-element elementor-element-40b48d09 elementor-widget elementor-widget-heading\" data-id=\"40b48d09\" data-element_type=\"widget\" data-widget_type=\"heading.default\">\n\t\t\t\t<div class=\"elementor-widget-container\">\n\t\t\t\t\t<h2 class=\"elementor-heading-title elementor-size-default\">Women\u2019s Rights<\/h2>\t\t\t\t<\/div>\n\t\t\t\t<\/div>\n\t\t\t\t<div class=\"elementor-element elementor-element-29c55d2b elementor-widget elementor-widget-heading\" data-id=\"29c55d2b\" data-element_type=\"widget\" data-widget_type=\"heading.default\">\n\t\t\t\t<div class=\"elementor-widget-container\">\n\t\t\t\t\t<h2 class=\"elementor-heading-title elementor-size-default\">Re-balancing Female Power &amp; Influence<\/h2>\t\t\t\t<\/div>\n\t\t\t\t<\/div>\n\t\t\t\t<div class=\"elementor-element elementor-element-317f79e3 elementor-blockquote--button-skin-link elementor-blockquote--button-color-custom elementor-blockquote--skin-border elementor-blockquote--button-view-icon-text elementor-widget elementor-widget-blockquote\" data-id=\"317f79e3\" data-element_type=\"widget\" data-widget_type=\"blockquote.default\">\n\t\t\t\t<div class=\"elementor-widget-container\">\n\t\t\t\t\t\t\t<blockquote class=\"elementor-blockquote\">\n\t\t\t<p class=\"elementor-blockquote__content\">\n\t\t\t\tComo primera mujer Presidenta de Estados Unidos, ser\u00eda profundamente consciente de mi papel fundamental en el inicio de una nueva era de liderazgo femenino. Si se me otorga la autoridad, utilizar\u00e9 todos los poderes de la presidencia para defender las cosas que preocupan a las mujeres.\t\t\t<\/p>\n\t\t\t\t\t\t\t<div class=\"e-q-footer\">\n\t\t\t\t\t\t\t\t\t\t\t<cite class=\"elementor-blockquote__author\">- Marianne Williamson<\/cite>\n\t\t\t\t\t\t\t\t\t\t\t\t\t\t\t\t<a href=\"https:\/\/twitter.com\/intent\/tweet?text=Como+primera+mujer+Presidenta+de+Estados+Unidos%2C+ser%C3%ADa+profundamente+consciente+de+mi+papel+fundamental+en+el+inicio+de+una+nueva+era+de+liderazgo+femenino.+Si+se+me+otorga+la+autoridad%2C+utilizar%C3%A9+todos+los+poderes+de+la+presidencia+para+defender+las+cosas+que+preocupan+a+las+mujeres.+%E2%80%94+-+Marianne+Williamson&amp;url=https%3A%2F%2Fmarianne2024.com%2Fes%2Fwp-json%2Fwp%2Fv2%2Fpages%2F50\" class=\"elementor-blockquote__tweet-button\" target=\"_blank\">\n\t\t\t\t\t\t\t\t\t\t\t\t\t\t\t<i aria-hidden=\"true\" class=\"fab fa-twitter\"><\/i>\t\t\t\t\t\t\t\t\t\t\t\t\t\t\t\t\t\t\t\t\t\t\t\t\t\t\t\t\t\t<span class=\"elementor-blockquote__tweet-label\">Tweet<\/span>\n\t\t\t\t\t\t\t\t\t\t\t\t\t<\/a>\n\t\t\t\t\t\t\t\t\t<\/div>\n\t\t\t\t\t<\/blockquote>\n\t\t\t\t\t\t<\/div>\n\t\t\t\t<\/div>\n\t\t\t\t<div class=\"elementor-element elementor-element-75091a2d elementor-widget elementor-widget-text-editor\" data-id=\"75091a2d\" data-element_type=\"widget\" data-widget_type=\"text-editor.default\">\n\t\t\t\t<div class=\"elementor-widget-container\">\n\t\t\t\t\t\t\t\t\t<p>Uno de los cambios m\u00e1s profundos del siglo XXI es el poder emergente de las mujeres. Desde el movimiento #MeToo hasta las cuestiones de igualdad de retribuci\u00f3n por el mismo trabajo, desde la ruptura de los techos de cristal hasta el desmantelamiento de los sistemas econ\u00f3micos y sociales patriarcales, el siglo XXI seguir\u00e1 siendo testigo de un profundo reequilibrio del poder masculino y femenino.<\/p><p>Como primera mujer Presidenta de Estados Unidos, ser\u00eda profundamente consciente de mi papel fundamental en el inicio de una nueva era de liderazgo femenino. Si se me otorga la autoridad, utilizar\u00e9 todos los poderes de la presidencia para defender las cosas que preocupan a las mujeres.<\/p><p>In many ways, it is difficult to separate issues of women\u2019s health and pay equity. Women still make, on average, just 83 cents for every dollar earned by men, and this affects every aspect of a woman\u2019s life, including her health and well-being.<\/p><p>The U.S. Department of Health and Human Services cites multiple studies that show between 22% and 57% of homeless women are homeless because of violence committed against her. One in three American women are living on the brink of poverty. Women are not only breadwinners in the family, but they are often also the primary caregivers for their children. Consequently, there are few ways to improve families without improving the economic circumstances of women.<\/p><p>Furthermore, statistics show us that women care more about the environment, and the earth itself than most men. Consequently, it is not only supporting women economically but adopting their mindsets of protection of community and planet, that needs to be a priority for any White House, and certainly will be in mine.<\/p>\t\t\t\t\t\t\t\t<\/div>\n\t\t\t\t<\/div>\n\t\t\t\t<div class=\"elementor-element elementor-element-24166da5 elementor-widget-divider--view-line elementor-widget elementor-widget-divider\" data-id=\"24166da5\" data-element_type=\"widget\" data-widget_type=\"divider.default\">\n\t\t\t\t<div class=\"elementor-widget-container\">\n\t\t\t\t\t\t\t<div class=\"elementor-divider\">\n\t\t\t<span class=\"elementor-divider-separator\">\n\t\t\t\t\t\t<\/span>\n\t\t<\/div>\n\t\t\t\t\t\t<\/div>\n\t\t\t\t<\/div>\n\t\t\t\t<div class=\"elementor-element elementor-element-2d2abd9f elementor-widget elementor-widget-text-editor\" data-id=\"2d2abd9f\" data-element_type=\"widget\" data-widget_type=\"text-editor.default\">\n\t\t\t\t<div class=\"elementor-widget-container\">\n\t\t\t\t\t\t\t\t\t<h4>SPECIFICS<\/h4><h5>The Williamson Administration will support the following policies in order to protect and benefit women:<\/h5><ul><li>Appointing federal judges and Supreme Court judges who acknowledge Roe v. Wade as the law of the land, and support the Constitutional right to Privacy.<\/li><li>Codify Roe v. Wade into federal law (See Reproductive Justice).<\/li><li>Repeal the Hyde Amendment and lift the ban on insurance coverage of abortion.<\/li><li>Fully fund the Violence Against Women Act (VAWA) and ensure its reauthorization in 2027 when it is set to expire.<\/li><li>Pass the Equal Rights Amendment to ensure women\u2019s rights are once and for all a part of our national law.<\/li><li>Increase rules, regulations, and oversight to prevent pregnancy-related discrimination.<\/li><li>Enact Paid Family and Medical Leave through the FAMILY Act, enabling women to make money while still taking care of family and loved ones.<\/li><li>Urge Congress to pass the Paycheck Fairness Act to ensure women are paid equally for equal work.<\/li><li>Urge Congress to pass the EMPOWER Act \u2013 Ending the Monopoly of Power Over Workplace Harassment through Education and Reporting Act.<\/li><li>Empower the Justice Department to prevent sexual harassment, discrimination, and rape.<\/li><li>Fully fund Headstart and high-quality childcare programs.<\/li><li>Expand and fully fund welfare food stamp coverage for low-income families and children.<\/li><li>Increase Social Security benefits, particularly to close the gap between male and female recipients. Raising children is unpaid labor, and women should not be financially penalized for this as we age. The work of building a family is as hard, as significant, and as beneficial to society and the economy as any other form of labor. Social security benefits should reflect this.<\/li><li>Ensure that domestic abusers cannot own or buy a gun, including law enforcement.<\/li><li>Decriminalizing sex work.<\/li><li>Federally fund and expedite all rape kit testing.<\/li><li>Expand The Women, Infants, and Children (WIC) nutrition program.<\/li><li>Protect and enforce Title IX.<\/li><li>Ensure that sexual harassment and violence in the military is prosecuted.<\/li><\/ul><p>By adopting policies to protect women, society simply protects itself.<\/p>\t\t\t\t\t\t\t\t<\/div>\n\t\t\t\t<\/div>\n\t\t\t\t\t<\/div>\n\t\t<\/div>\n\t\t\t\t\t<\/div>\n\t\t<\/section>\n\t\t\t\t<\/div>","protected":false},"excerpt":{"rendered":"<p>Issues Women\u2019s Rights Re-balancing Female Power &amp; Influence As the first woman President of the United States, I would be deeply aware of my pivotal role in ushering in a new era of female leadership. If I am given the authority, I will use the full powers of the presidency to advocate for the things [&hellip;]<\/p>","protected":false},"author":13,"featured_media":8127,"parent":19,"menu_order":0,"comment_status":"closed","ping_status":"closed","template":"","meta":{"inline_featured_image":false,"footnotes":""},"class_list":["post-50","page","type-page","status-publish","has-post-thumbnail","hentry"],"_links":{"self":[{"href":"https:\/\/marianne2024.com\/es\/wp-json\/wp\/v2\/pages\/50","targetHints":{"allow":["GET"]}}],"collection":[{"href":"https:\/\/marianne2024.com\/es\/wp-json\/wp\/v2\/pages"}],"about":[{"href":"https:\/\/marianne2024.com\/es\/wp-json\/wp\/v2\/types\/page"}],"author":[{"embeddable":true,"href":"https:\/\/marianne2024.com\/es\/wp-json\/wp\/v2\/users\/13"}],"replies":[{"embeddable":true,"href":"https:\/\/marianne2024.com\/es\/wp-json\/wp\/v2\/comments?post=50"}],"version-history":[{"count":0,"href":"https:\/\/marianne2024.com\/es\/wp-json\/wp\/v2\/pages\/50\/revisions"}],"up":[{"embeddable":true,"href":"https:\/\/marianne2024.com\/es\/wp-json\/wp\/v2\/pages\/19"}],"wp:featuredmedia":[{"embeddable":true,"href":"https:\/\/marianne2024.com\/es\/wp-json\/wp\/v2\/media\/8127"}],"wp:attachment":[{"href":"https:\/\/marianne2024.com\/es\/wp-json\/wp\/v2\/media?parent=50"}],"curies":[{"name":"wp","href":"https:\/\/api.w.org\/{rel}","templated":true}]}}