{"id":74,"date":"2023-04-01T19:06:38","date_gmt":"2023-04-01T23:06:38","guid":{"rendered":"https:\/\/mw2024.local\/?page_id=74"},"modified":"2023-08-10T21:08:09","modified_gmt":"2023-08-11T01:08:09","slug":"reproductive-justice","status":"publish","type":"page","link":"https:\/\/marianne2024.com\/es\/issues\/reproductive-justice\/","title":{"rendered":"Reproductive Justice"},"content":{"rendered":"<div data-elementor-type=\"wp-page\" data-elementor-id=\"74\" class=\"elementor elementor-74\" data-elementor-post-type=\"page\">\n\t\t\t\t\t\t<section data-particle_enable=\"false\" data-particle-mobile-disabled=\"false\" class=\"elementor-section elementor-top-section elementor-element elementor-element-3dbe0d41 elementor-section-boxed elementor-section-height-default elementor-section-height-default\" data-id=\"3dbe0d41\" data-element_type=\"section\">\n\t\t\t\t\t\t<div class=\"elementor-container elementor-column-gap-default\">\n\t\t\t\t\t<div class=\"elementor-column elementor-col-100 elementor-top-column elementor-element elementor-element-7adf3beb\" data-id=\"7adf3beb\" data-element_type=\"column\">\n\t\t\t<div class=\"elementor-widget-wrap elementor-element-populated\">\n\t\t\t\t\t\t<div class=\"elementor-element elementor-element-33c2d735 elementor-widget elementor-widget-heading\" data-id=\"33c2d735\" data-element_type=\"widget\" data-widget_type=\"heading.default\">\n\t\t\t\t<div class=\"elementor-widget-container\">\n\t\t\t\t\t<h2 class=\"elementor-heading-title elementor-size-default\">Temas<\/h2>\t\t\t\t<\/div>\n\t\t\t\t<\/div>\n\t\t\t\t<div class=\"elementor-element elementor-element-6592352a elementor-widget elementor-widget-heading\" data-id=\"6592352a\" data-element_type=\"widget\" data-widget_type=\"heading.default\">\n\t\t\t\t<div class=\"elementor-widget-container\">\n\t\t\t\t\t<h2 class=\"elementor-heading-title elementor-size-default\">Reproductive Justice<\/h2>\t\t\t\t<\/div>\n\t\t\t\t<\/div>\n\t\t\t\t<div class=\"elementor-element elementor-element-a729d97 elementor-widget elementor-widget-heading\" data-id=\"a729d97\" data-element_type=\"widget\" data-widget_type=\"heading.default\">\n\t\t\t\t<div class=\"elementor-widget-container\">\n\t\t\t\t\t<h2 class=\"elementor-heading-title elementor-size-default\">One hundred percent pro-choice<\/h2>\t\t\t\t<\/div>\n\t\t\t\t<\/div>\n\t\t\t\t<div class=\"elementor-element elementor-element-286f9f38 elementor-blockquote--button-skin-link elementor-blockquote--button-color-custom elementor-blockquote--skin-border elementor-blockquote--button-view-icon-text elementor-widget elementor-widget-blockquote\" data-id=\"286f9f38\" data-element_type=\"widget\" data-widget_type=\"blockquote.default\">\n\t\t\t\t<div class=\"elementor-widget-container\">\n\t\t\t\t\t\t\t<blockquote class=\"elementor-blockquote\">\n\t\t\t<p class=\"elementor-blockquote__content\">\n\t\t\t\tI believe abortion is a moral issue, but it is an issue of private, not public morality. I do not believe government has that right to legislate our private morals.\t\t\t<\/p>\n\t\t\t\t\t\t\t<div class=\"e-q-footer\">\n\t\t\t\t\t\t\t\t\t\t\t<cite class=\"elementor-blockquote__author\">- Marianne Williamson<\/cite>\n\t\t\t\t\t\t\t\t\t\t\t\t\t\t\t\t<a href=\"https:\/\/twitter.com\/intent\/tweet?text=I+believe+abortion+is+a+moral+issue%2C+but+it+is+an+issue+of+private%2C+not+public+morality.+I+do+not+believe+government+has+that+right+to+legislate+our+private+morals.+%E2%80%94+-+Marianne+Williamson&amp;url=https%3A%2F%2Fmarianne2024.com%2Fes%2Fwp-json%2Fwp%2Fv2%2Fpages%2F74\" class=\"elementor-blockquote__tweet-button\" target=\"_blank\">\n\t\t\t\t\t\t\t\t\t\t\t\t\t\t\t<i aria-hidden=\"true\" class=\"fab fa-twitter\"><\/i>\t\t\t\t\t\t\t\t\t\t\t\t\t\t\t\t\t\t\t\t\t\t\t\t\t\t\t\t\t\t<span class=\"elementor-blockquote__tweet-label\">Tweet<\/span>\n\t\t\t\t\t\t\t\t\t\t\t\t\t<\/a>\n\t\t\t\t\t\t\t\t\t<\/div>\n\t\t\t\t\t<\/blockquote>\n\t\t\t\t\t\t<\/div>\n\t\t\t\t<\/div>\n\t\t\t\t<div class=\"elementor-element elementor-element-2d4df555 elementor-widget elementor-widget-text-editor\" data-id=\"2d4df555\" data-element_type=\"widget\" data-widget_type=\"text-editor.default\">\n\t\t\t\t<div class=\"elementor-widget-container\">\n\t\t\t\t\t\t\t\t\t<p>En cuanto al derecho al aborto, soy cien por cien proabortista.<\/p><p>Creo que la decisi\u00f3n de abortar o no corresponde exclusivamente a la mujer embarazada, seg\u00fan los dictados de su conciencia y en comuni\u00f3n con el Dios de su entendimiento. Conf\u00edo en la decisi\u00f3n moral de la mujer estadounidense, y no creo que el gobierno tenga derecho a negar o restringir sus decisiones.<\/p><p>Expanding a woman\u2019s understanding of her alternatives to termination is a good thing. But eradicating or limiting abortion rights would not decrease their number. It would simply mean that rich women have safe abortions, while poor women go back to risking injury, or even death, in the modern equivalent of back-alley abortions. That, to me, is morally unacceptable on the part of society.<\/p><p>In several states, restrictive measures such as the closing of abortion clinics and forced vaginal probes are currently in play. Planned Parenthood, a sole source of medical care for millions of women, is under attack in various states in an effort to block the availability of reproductive choice.<\/p><p>As president, I would seek to protect the right of every woman to make her own decisions, in her own way, regarding her reproductive choices. The choice of whether or not to terminate a pregnancy is difficult enough without the government weighing in on the decision. I would vigorously resist any effort to restrict, limit, or diminish the reproductive rights and freedoms granted by Roe v. Wade.<\/p>\t\t\t\t\t\t\t\t<\/div>\n\t\t\t\t<\/div>\n\t\t\t\t<div class=\"elementor-element elementor-element-530bf3bd elementor-widget-divider--view-line elementor-widget elementor-widget-divider\" data-id=\"530bf3bd\" data-element_type=\"widget\" data-widget_type=\"divider.default\">\n\t\t\t\t<div class=\"elementor-widget-container\">\n\t\t\t\t\t\t\t<div class=\"elementor-divider\">\n\t\t\t<span class=\"elementor-divider-separator\">\n\t\t\t\t\t\t<\/span>\n\t\t<\/div>\n\t\t\t\t\t\t<\/div>\n\t\t\t\t<\/div>\n\t\t\t\t<div class=\"elementor-element elementor-element-3d3ba5e3 elementor-widget elementor-widget-text-editor\" data-id=\"3d3ba5e3\" data-element_type=\"widget\" data-widget_type=\"text-editor.default\">\n\t\t\t\t<div class=\"elementor-widget-container\">\n\t\t\t\t\t\t\t\t\t<h4>Espec\u00edficos<\/h4><p>The devastating decision by the U.S. Supreme Court to abandon its duty to protect a woman\u2019s fundamental rights and overturn Roe v. Wade has had a devastating impact on millions of women across the U.S. The Supreme Court ruling in Dobbs v. Jackson Women\u2019s Health Organization abandons nearly five decades of precedence and marks the very first time that the Supreme Court has taken away a fundamental right.<\/p><h5>The Williamson Administration will protect reproductive rights by:<\/h5><ul><li>Appointing federal judges and Supreme Court judges who acknowledge\u00a0 Roe v. Wade as the law of the land, and support the Constitutional right to Privacy.<\/li><li>Codify Roe v. Wade into a federal law<\/li><li>Expand and Restore Funding for Planned Parenthood, and other local healthcare clinics that provide abortion and other services.<\/li><li>Create a federal program that provides contraception resources, especially for low-income communities.<\/li><li>Repeal the Hyde and Helms Amendments.<\/li><li>Ban Targeted Restrictions on Abortion Providers (TRAP) Laws.<\/li><li>Refuse Title X funding for \u201ccrisis pregnancy centers\u201d<\/li><li>Emphasize reproductive justice and end the Black Maternal Mortality Crisis<\/li><li>Encourage Congress to pass the Nurse Staffing Standards for Hospital Patient Safety and Quality Care Act (SB. 1567)<\/li><li>Encourage Congress to expand funding for the Maternal, Infant, and Early Childhood Home Visiting Program<\/li><li>Expand the Special Supplemental Nutrition Program for Women, Infants, and Children (WIC)<\/li><li>Encourage eligible families to take advantage of the programs\u2019 benefits<\/li><li>Protect access to reproductive health clinics with a Freedom of Access to Clinic Entrances (FACE) law. Federal law and a few states currently provide FACE Acts.<\/li><li>Ensure the confidentiality of the home addresses of abortion providers. California has a \u201cSafe at Home\u201d law for the employees of reproductive health clinics who fear for their safety.<\/li><li>Provide a protected space for patients and staff entering or leaving reproductive health clinics. Colorado, Montana, and a few cities have laws that keep protesters a reasonable distance from people trying to access a clinic.<\/li><li>Provide a mechanism in civil law that allows abortion providers to hold individuals accountable for acts of violence and harassment.<\/li><li>Treat crimes perpetrated against clinics, clinic workers, and patients that are motivated by opposition to abortion as hate crimes.<\/li><li>Ensure that women receive proper care and guidance whether they choose to carry a baby to term, or exercise their right to choose.<\/li><li>Expand funding for sexual education in K-12 and in Higher Education<\/li><li>Work to Combat the \u201cPost-Birth Abortion\u201d Myth<\/li><li>Encourage Congress to pass the Pink Tax Repeal Act (H.R. 3853)<\/li><li>Vigorously oppose federal and state legislation designed to shame, harass, punish, or further restrict women from exercising their constitutional right to choose.<\/li><\/ul>\t\t\t\t\t\t\t\t<\/div>\n\t\t\t\t<\/div>\n\t\t\t\t\t<\/div>\n\t\t<\/div>\n\t\t\t\t\t<\/div>\n\t\t<\/section>\n\t\t\t\t<\/div>","protected":false},"excerpt":{"rendered":"<p>Issues Reproductive Justice One hundred percent pro-choice I believe abortion is a moral issue, but it is an issue of private, not public morality. I do not believe government has that right to legislate our private morals. &#8211; Marianne Williamson Tweet Regarding abortion rights, I am one hundred percent pro-choice. I believe the decision of [&hellip;]<\/p>","protected":false},"author":13,"featured_media":8117,"parent":19,"menu_order":0,"comment_status":"closed","ping_status":"closed","template":"","meta":{"inline_featured_image":false,"footnotes":""},"class_list":["post-74","page","type-page","status-publish","has-post-thumbnail","hentry"],"_links":{"self":[{"href":"https:\/\/marianne2024.com\/es\/wp-json\/wp\/v2\/pages\/74","targetHints":{"allow":["GET"]}}],"collection":[{"href":"https:\/\/marianne2024.com\/es\/wp-json\/wp\/v2\/pages"}],"about":[{"href":"https:\/\/marianne2024.com\/es\/wp-json\/wp\/v2\/types\/page"}],"author":[{"embeddable":true,"href":"https:\/\/marianne2024.com\/es\/wp-json\/wp\/v2\/users\/13"}],"replies":[{"embeddable":true,"href":"https:\/\/marianne2024.com\/es\/wp-json\/wp\/v2\/comments?post=74"}],"version-history":[{"count":0,"href":"https:\/\/marianne2024.com\/es\/wp-json\/wp\/v2\/pages\/74\/revisions"}],"up":[{"embeddable":true,"href":"https:\/\/marianne2024.com\/es\/wp-json\/wp\/v2\/pages\/19"}],"wp:featuredmedia":[{"embeddable":true,"href":"https:\/\/marianne2024.com\/es\/wp-json\/wp\/v2\/media\/8117"}],"wp:attachment":[{"href":"https:\/\/marianne2024.com\/es\/wp-json\/wp\/v2\/media?parent=74"}],"curies":[{"name":"wp","href":"https:\/\/api.w.org\/{rel}","templated":true}]}}