{"id":8796,"date":"2023-12-15T12:31:03","date_gmt":"2023-12-15T17:31:03","guid":{"rendered":"https:\/\/marianne2024.com\/?page_id=8796"},"modified":"2023-12-21T17:11:24","modified_gmt":"2023-12-21T22:11:24","slug":"latinos-for-marianne-gracias","status":"publish","type":"page","link":"https:\/\/marianne2024.com\/es\/latinos-for-marianne-gracias\/","title":{"rendered":"Latinos for Marianne &#8211; \u00a1Gracias!"},"content":{"rendered":"<div data-elementor-type=\"wp-page\" data-elementor-id=\"8796\" class=\"elementor elementor-8796\" data-elementor-post-type=\"page\">\n\t\t\t\t<div data-particle_enable=\"false\" data-particle-mobile-disabled=\"false\" class=\"elementor-element elementor-element-3a20ef0 e-flex e-con-boxed e-con e-parent\" data-id=\"3a20ef0\" data-element_type=\"container\" data-settings=\"{&quot;background_background&quot;:&quot;classic&quot;}\">\n\t\t\t\t\t<div class=\"e-con-inner\">\n\t\t\t\t<div class=\"elementor-element elementor-element-ac480e0 elementor-widget elementor-widget-heading\" data-id=\"ac480e0\" data-element_type=\"widget\" data-widget_type=\"heading.default\">\n\t\t\t\t<div class=\"elementor-widget-container\">\n\t\t\t\t\t<h2 class=\"elementor-heading-title elementor-size-default\">\u00a1Bienvenido al<\/h2>\t\t\t\t<\/div>\n\t\t\t\t<\/div>\n\t\t\t\t<div class=\"elementor-element elementor-element-af2460b elementor-widget elementor-widget-heading\" data-id=\"af2460b\" data-element_type=\"widget\" data-widget_type=\"heading.default\">\n\t\t\t\t<div class=\"elementor-widget-container\">\n\t\t\t\t\t<h2 class=\"elementor-heading-title elementor-size-default\"> Grupo de Voluntarios!<\/h2>\t\t\t\t<\/div>\n\t\t\t\t<\/div>\n\t\t\t\t<div class=\"elementor-element elementor-element-a2d507f elementor-widget elementor-widget-text-editor\" data-id=\"a2d507f\" data-element_type=\"widget\" data-widget_type=\"text-editor.default\">\n\t\t\t\t<div class=\"elementor-widget-container\">\n\t\t\t\t\t\t\t\t\t    <p>Gracias por inscribirte para ser voluntario con nosotros. Estamos muy agradecidos por tu energ\u00eda, talentos y apoyo.<\/p>\n    <p>Mi nombre es Robin Vogt, y soy el Coordinador Nacional de Voluntarios para Marianne Williamson Presidente 2024. \u00a1Quiero darte la bienvenida personalmente a nuestro equipo de voluntarios!<\/p>\n    <p>Aqu\u00ed tienes tu <strong>Gu\u00eda R\u00e1pida<\/strong> para involucrarte:<\/p>\n    <ol>\n        <li>Rellena nuestro <a href=\"https:\/\/forms.gle\/CsTdFGxkzJahNYaM9\">Formulario de Informaci\u00f3n para Voluntarios aqu\u00ed<\/a>.<\/li>\n        <li>Inscr\u00edbete en nuestra <a href=\"https:\/\/mw.nationbuilder.com\/volunteer-actions\">Llamada Semanal de Voluntarios aqu\u00ed<\/a>.<\/li>\n        <li>\u00danete al <a href=\"https:\/\/events.marianne2024.com\/canvassing\">canvassing aqu\u00ed<\/a> y a la <a href=\"https:\/\/events.marianne2024.com\/phone_banking\">banca telef\u00f3nica y de mensajes de texto aqu\u00ed<\/a>.<\/li>\n        <li>Y recuerda, cada d\u00f3lar hace la diferencia. \u00a1Dona aqu\u00ed hoy!<\/li>\n    <\/ol>\n    <p>Adem\u00e1s, invita a tus amigos y familiares a unirse compartiendo Marianne2024.com. \u00a1Y s\u00edguenos en tus redes sociales favoritas aqu\u00ed:<\/p>\n<\/div>\n\t\t\t\t\t\t\t\t<\/div>\n\t\t\t\t<\/div>\n\t\t\t\t<div class=\"elementor-element elementor-element-de14dd9 elementor-shape-circle e-grid-align-left elementor-grid-0 elementor-widget elementor-widget-social-icons\" data-id=\"de14dd9\" data-element_type=\"widget\" data-widget_type=\"social-icons.default\">\n\t\t\t\t<div class=\"elementor-widget-container\">\n\t\t\t\t\t\t\t<div class=\"elementor-social-icons-wrapper elementor-grid\" role=\"list\">\n\t\t\t\t\t\t\t<span class=\"elementor-grid-item\" role=\"listitem\">\n\t\t\t\t\t<a class=\"elementor-icon elementor-social-icon elementor-social-icon-youtube elementor-animation-grow elementor-repeater-item-cb42271\" href=\"https:\/\/www.youtube.com\/@Marianne2024\" target=\"_blank\">\n\t\t\t\t\t\t<span class=\"elementor-screen-only\">Youtube<\/span>\n\t\t\t\t\t\t<i class=\"fab fa-youtube\"><\/i>\t\t\t\t\t<\/a>\n\t\t\t\t<\/span>\n\t\t\t\t\t\t\t<span class=\"elementor-grid-item\" role=\"listitem\">\n\t\t\t\t\t<a class=\"elementor-icon elementor-social-icon elementor-social-icon-icon-twitter-x elementor-animation-grow elementor-repeater-item-d3446f3\" href=\"https:\/\/twitter.com\/marwilliamson\" target=\"_blank\">\n\t\t\t\t\t\t<span class=\"elementor-screen-only\">Icon-twitter-x<\/span>\n\t\t\t\t\t\t<i class=\"icon icon-twitter-x\"><\/i>\t\t\t\t\t<\/a>\n\t\t\t\t<\/span>\n\t\t\t\t\t\t\t<span class=\"elementor-grid-item\" role=\"listitem\">\n\t\t\t\t\t<a class=\"elementor-icon elementor-social-icon elementor-social-icon-instagram elementor-animation-grow elementor-repeater-item-a2e26ac\" href=\"https:\/\/www.instagram.com\/mariannewilliamson\/\" target=\"_blank\">\n\t\t\t\t\t\t<span class=\"elementor-screen-only\">Instagram<\/span>\n\t\t\t\t\t\t<i class=\"fab fa-instagram\"><\/i>\t\t\t\t\t<\/a>\n\t\t\t\t<\/span>\n\t\t\t\t\t\t\t<span class=\"elementor-grid-item\" role=\"listitem\">\n\t\t\t\t\t<a class=\"elementor-icon elementor-social-icon elementor-social-icon-facebook elementor-animation-grow elementor-repeater-item-a8291bc\" href=\"https:\/\/www.facebook.com\/williamsonmarianne\/\" target=\"_blank\">\n\t\t\t\t\t\t<span class=\"elementor-screen-only\">Facebook<\/span>\n\t\t\t\t\t\t<i class=\"fab fa-facebook\"><\/i>\t\t\t\t\t<\/a>\n\t\t\t\t<\/span>\n\t\t\t\t\t\t\t<span class=\"elementor-grid-item\" role=\"listitem\">\n\t\t\t\t\t<a class=\"elementor-icon elementor-social-icon elementor-social-icon-tiktok logo elementor-animation-grow elementor-repeater-item-9f6cc3a\" href=\"https:\/\/www.tiktok.com\/@marwilliamsonofficial\" target=\"_blank\">\n\t\t\t\t\t\t<span class=\"elementor-screen-only\">Tiktok Logo<\/span>\n\t\t\t\t\t\t<svg xmlns=\"http:\/\/www.w3.org\/2000\/svg\" clip-rule=\"evenodd\" fill-rule=\"evenodd\" viewbox=\"0 0 2859 3333\"><path d=\"m2081 0c55 473 319 755 778 785v532c-266 26-499-61-770-225v995c0 1264-1378 1659-1932 753-356-583-138-1606 1004-1647v561c-87 14-180 36-265 65-254 86-398 247-358 531 77 544 1075 705 992-358v-1991h551z\"><\/path><\/svg>\t\t\t\t\t<\/a>\n\t\t\t\t<\/span>\n\t\t\t\t\t<\/div>\n\t\t\t\t\t\t<\/div>\n\t\t\t\t<\/div>\n\t\t\t\t<div class=\"elementor-element elementor-element-1349c8d elementor-widget elementor-widget-image\" data-id=\"1349c8d\" data-element_type=\"widget\" data-widget_type=\"image.default\">\n\t\t\t\t<div class=\"elementor-widget-container\">\n\t\t\t\t\t\t\t\t\t\t\t\t\t\t\t<img fetchpriority=\"high\" decoding=\"async\" width=\"600\" height=\"343\" src=\"https:\/\/marianne2024.com\/wp-content\/uploads\/2023\/09\/image0.png\" class=\"attachment-full size-full wp-image-6113\" alt=\"Mariana Williamson for president - Thank You.\" srcset=\"https:\/\/marianne2024.com\/wp-content\/uploads\/2023\/09\/image0.png 600w, https:\/\/marianne2024.com\/wp-content\/uploads\/2023\/09\/image0-300x172.png 300w, https:\/\/marianne2024.com\/wp-content\/uploads\/2023\/09\/image0-18x10.png 18w\" sizes=\"(max-width: 600px) 100vw, 600px\" \/>\t\t\t\t\t\t\t\t\t\t\t\t\t\t\t<\/div>\n\t\t\t\t<\/div>\n\t\t<div data-particle_enable=\"false\" data-particle-mobile-disabled=\"false\" class=\"elementor-element elementor-element-c33663b e-flex e-con-boxed e-con e-child\" data-id=\"c33663b\" data-element_type=\"container\">\n\t\t\t\t\t<div class=\"e-con-inner\">\n\t\t\t\t<div class=\"elementor-element elementor-element-108943e elementor-widget__width-auto elementor-widget elementor-widget-text-editor\" data-id=\"108943e\" data-element_type=\"widget\" data-widget_type=\"text-editor.default\">\n\t\t\t\t<div class=\"elementor-widget-container\">\n\t\t\t\t\t\t\t\t\t<p class=\"gracias\">Mant\u00e9n un ojo en tu bandeja de entrada. Te enviaremos actualizaciones importantes y recordatorios de eventos para nuestros pr\u00f3ximos Eventos de Equipo de Voluntarios.<\/p>\n\n<p class=\"gracias\">Con agradecimiento,<\/p>\n\n<strong>Robin Vogt<\/strong>\n<span style=\"font-size: 90%;\">Coordinador Nacional de Voluntarios<\/span>\n<span style=\"font-size: 90%;\">Marianne para Presidente 2024<\/span>\n\n<strong>P.D. \u00bfListo para involucrarte en las redes sociales? <\/strong>\n\n<p class=\"gracias\">Estamos pidiendo a los seguidores que compartan un video personal de 2 minutos respaldando a Marianne para presidente. \u00bfQuieres ayudar?<\/p>\n\n<p class=\"gracias\">Etiqueta tu video con #MWEndorsement en cualquier plataforma, y nos aseguraremos de que Marianne vea tu video.<\/p>\n\n<p class=\"gracias\">Una vez que completes el <a href=\"https:\/\/forms.gle\/CsTdFGxkzJahNYaM9\"><strong>Formulario de Informaci\u00f3n para Voluntarios aqu\u00ed<\/strong><\/a>, te integraremos en m\u00e1s actividades de voluntariado.<\/p>\n\n<p class=\"gracias\"><a href=\"https:\/\/mw.nationbuilder.com\/volunteer-actions\"><strong>\u00a1\u00danete a nuestra llamada semanal de Voluntarios!<\/strong><\/a> Si a\u00fan no lo has hecho, \u00fanete a nuestra llamada semanal para obtener las \u00faltimas actualizaciones, conocer a tu equipo de voluntarios y aprender sobre pr\u00f3ximas oportunidades para ser voluntario. <a href=\"https:\/\/mw.nationbuilder.com\/volunteer-actions\"><strong>Haz clic aqu\u00ed para confirmar tu asistencia<\/strong><\/a>.<\/p>\n\t\t\t\t\t\t\t\t<\/div>\n\t\t\t\t<\/div>\n\t\t\t\t\t<\/div>\n\t\t\t\t<\/div>\n\t\t\t\t\t<\/div>\n\t\t\t\t<\/div>\n\t\t\t\t<\/div>","protected":false},"excerpt":{"rendered":"<p>\u00a1Bienvenido al Grupo de Voluntarios! Gracias por inscribirte para ser voluntario con nosotros. Estamos muy agradecidos por tu energ\u00eda, talentos y apoyo. Mi nombre es Robin Vogt, y soy el Coordinador Nacional de Voluntarios para Marianne Williamson Presidente 2024. \u00a1Quiero darte la bienvenida personalmente a nuestro equipo de voluntarios! Aqu\u00ed tienes tu Gu\u00eda R\u00e1pida para [&hellip;]<\/p>","protected":false},"author":5,"featured_media":8167,"parent":0,"menu_order":0,"comment_status":"closed","ping_status":"closed","template":"","meta":{"inline_featured_image":false,"footnotes":""},"class_list":["post-8796","page","type-page","status-publish","has-post-thumbnail","hentry"],"_links":{"self":[{"href":"https:\/\/marianne2024.com\/es\/wp-json\/wp\/v2\/pages\/8796","targetHints":{"allow":["GET"]}}],"collection":[{"href":"https:\/\/marianne2024.com\/es\/wp-json\/wp\/v2\/pages"}],"about":[{"href":"https:\/\/marianne2024.com\/es\/wp-json\/wp\/v2\/types\/page"}],"author":[{"embeddable":true,"href":"https:\/\/marianne2024.com\/es\/wp-json\/wp\/v2\/users\/5"}],"replies":[{"embeddable":true,"href":"https:\/\/marianne2024.com\/es\/wp-json\/wp\/v2\/comments?post=8796"}],"version-history":[{"count":0,"href":"https:\/\/marianne2024.com\/es\/wp-json\/wp\/v2\/pages\/8796\/revisions"}],"wp:featuredmedia":[{"embeddable":true,"href":"https:\/\/marianne2024.com\/es\/wp-json\/wp\/v2\/media\/8167"}],"wp:attachment":[{"href":"https:\/\/marianne2024.com\/es\/wp-json\/wp\/v2\/media?parent=8796"}],"curies":[{"name":"wp","href":"https:\/\/api.w.org\/{rel}","templated":true}]}}